{"id":30570,"date":"2025-03-04T14:27:01","date_gmt":"2025-03-04T12:27:01","guid":{"rendered":"https:\/\/alleegalerii.ee\/?post_type=product&#038;p=30570"},"modified":"2025-03-17T09:14:22","modified_gmt":"2025-03-17T07:14:22","slug":"mall-nukke-loojang-2024","status":"publish","type":"product","link":"https:\/\/alleegalerii.ee\/en\/shop\/mall-nukke-loojang-2024\/","title":{"rendered":"Mall Nukke \u201cLoojang\u201d, 2024"},"content":{"rendered":"","protected":false},"excerpt":{"rendered":"<p><span style=\"font-weight: 400;\">\u00d5li l\u00f5uendil.<\/span><\/p>\n<p><span style=\"font-weight: 400;\">M\u00f5\u00f5t: \u220520 cm.<\/span><\/p>\n<p>Mall Nukke (s 1964) on eesti neopopkunsti elavaid klassikuid, kelle\u00a0Allee galerii n\u00e4itusel \u201cIllusioonide aeg\u201d (4.-29.03.2025) eksponeeritud teos esindab Nukket kui suurep\u00e4rast realistlikku loodusmulje edasiandjat. \u00dcmarat tondoformaati on Nukke l\u00e4bi loomingu armastanud ja nii j\u00f5uab ka k\u00e4esolev &#8220;Loojang&#8221; vaatajani oma pehmes, pretensioonitus vormis. Kuna n\u00e4eme vaid fragmenti looduse \u00f5htusest vaatem\u00e4ngust, j\u00e4tab Nukke meiega k\u00fcsimuse, kas n\u00e4eme teosel ka silmapiiri v\u00f5i on see k\u00f5ik l\u00f5pmatu taevas oma v\u00e4gevuses.<\/p>\n","protected":false},"featured_media":30658,"template":"","meta":{"_acf_changed":false},"product_brand":[],"product_cat":[415,56,59],"product_tag":[60],"class_list":{"0":"post-30570","1":"product","2":"type-product","3":"status-publish","4":"has-post-thumbnail","6":"product_cat-maal","7":"product_cat-olimaal","8":"product_cat-e-pood","9":"product_tag-e-pood","11":"first","12":"outofstock","13":"sold-individually","14":"shipping-taxable","15":"product-type-simple"},"acf":[],"_links":{"self":[{"href":"https:\/\/alleegalerii.ee\/en\/wp-json\/wp\/v2\/product\/30570","targetHints":{"allow":["GET"]}}],"collection":[{"href":"https:\/\/alleegalerii.ee\/en\/wp-json\/wp\/v2\/product"}],"about":[{"href":"https:\/\/alleegalerii.ee\/en\/wp-json\/wp\/v2\/types\/product"}],"wp:featuredmedia":[{"embeddable":true,"href":"https:\/\/alleegalerii.ee\/en\/wp-json\/wp\/v2\/media\/30658"}],"wp:attachment":[{"href":"https:\/\/alleegalerii.ee\/en\/wp-json\/wp\/v2\/media?parent=30570"}],"wp:term":[{"taxonomy":"product_brand","embeddable":true,"href":"https:\/\/alleegalerii.ee\/en\/wp-json\/wp\/v2\/product_brand?post=30570"},{"taxonomy":"product_cat","embeddable":true,"href":"https:\/\/alleegalerii.ee\/en\/wp-json\/wp\/v2\/product_cat?post=30570"},{"taxonomy":"product_tag","embeddable":true,"href":"https:\/\/alleegalerii.ee\/en\/wp-json\/wp\/v2\/product_tag?post=30570"}],"curies":[{"name":"wp","href":"https:\/\/api.w.org\/{rel}","templated":true}]}}