{"id":30569,"date":"2025-03-04T14:24:55","date_gmt":"2025-03-04T12:24:55","guid":{"rendered":"https:\/\/alleegalerii.ee\/?post_type=product&#038;p=30569"},"modified":"2026-01-14T16:45:47","modified_gmt":"2026-01-14T14:45:47","slug":"mall-nukke-keha-mangud-viii-2025","status":"publish","type":"product","link":"https:\/\/alleegalerii.ee\/en\/shop\/mall-nukke-keha-mangud-viii-2025\/","title":{"rendered":"Mall Nukke \u201cKeha-m\u00e4ngud VIII\u201d, 2025"},"content":{"rendered":"","protected":false},"excerpt":{"rendered":"<p><span style=\"font-weight: 400;\">\u00d5li, kollaa\u017e l\u00f5uendil.<\/span><\/p>\n<p><span style=\"font-weight: 400;\">M\u00f5\u00f5dud: \u2205 50 cm.<\/span><\/p>\n<p>Mall Nukke n\u00e4itusel \u201cIllusioonide aeg\u201d eksponeeritud teosed suhestuvad nii inimese kui teda \u00fcmbritseva keskkonnaga. N\u00e4ituse kuraator Harry Liivrand kirjutab: \u201cNukke tegeleb siin k\u00f5ige otsesemalt illusionistliku ruumim\u00e4nguga nagu visuaalsele \u00fcllatusefektile panustav s\u00fcrrealist.\u201d Tuues teosele nii inimkeha oma naturaalsuses ja kompaktses ilus, muutub maailma virrvarr vaid taustaks, mille Nukke efektselt soojade toonidega \u00fcle maalib.<\/p>\n","protected":false},"featured_media":30652,"template":"","meta":{"_acf_changed":false},"product_brand":[],"product_cat":[415,350,56,59,93],"product_tag":[60],"class_list":{"0":"post-30569","1":"product","2":"type-product","3":"status-publish","4":"has-post-thumbnail","6":"product_cat-maal","7":"product_cat-kollaaz","8":"product_cat-olimaal","9":"product_cat-e-pood","10":"product_cat-segatehnika","11":"product_tag-e-pood","13":"first","14":"instock","15":"sold-individually","16":"shipping-taxable","17":"purchasable","18":"product-type-simple"},"acf":[],"_links":{"self":[{"href":"https:\/\/alleegalerii.ee\/en\/wp-json\/wp\/v2\/product\/30569","targetHints":{"allow":["GET"]}}],"collection":[{"href":"https:\/\/alleegalerii.ee\/en\/wp-json\/wp\/v2\/product"}],"about":[{"href":"https:\/\/alleegalerii.ee\/en\/wp-json\/wp\/v2\/types\/product"}],"wp:featuredmedia":[{"embeddable":true,"href":"https:\/\/alleegalerii.ee\/en\/wp-json\/wp\/v2\/media\/30652"}],"wp:attachment":[{"href":"https:\/\/alleegalerii.ee\/en\/wp-json\/wp\/v2\/media?parent=30569"}],"wp:term":[{"taxonomy":"product_brand","embeddable":true,"href":"https:\/\/alleegalerii.ee\/en\/wp-json\/wp\/v2\/product_brand?post=30569"},{"taxonomy":"product_cat","embeddable":true,"href":"https:\/\/alleegalerii.ee\/en\/wp-json\/wp\/v2\/product_cat?post=30569"},{"taxonomy":"product_tag","embeddable":true,"href":"https:\/\/alleegalerii.ee\/en\/wp-json\/wp\/v2\/product_tag?post=30569"}],"curies":[{"name":"wp","href":"https:\/\/api.w.org\/{rel}","templated":true}]}}