{"id":30564,"date":"2025-03-04T14:15:52","date_gmt":"2025-03-04T12:15:52","guid":{"rendered":"https:\/\/alleegalerii.ee\/?post_type=product&#038;p=30564"},"modified":"2026-01-14T17:08:21","modified_gmt":"2026-01-14T15:08:21","slug":"mall-nukke-ego-i-2024","status":"publish","type":"product","link":"https:\/\/alleegalerii.ee\/en\/shop\/mall-nukke-ego-i-2024\/","title":{"rendered":"Mall Nukke \u201cEgo I\u201d, 2024"},"content":{"rendered":"","protected":false},"excerpt":{"rendered":"<p><span style=\"font-weight: 400;\">\u00d5li, akr\u00fc\u00fcl, kuldamine l\u00f5uendil.<\/span><\/p>\n<p><span style=\"font-weight: 400;\">M\u00f5\u00f5dud: \u2205100 cm.<\/span><\/p>\n<p>Mall Nukke n\u00e4itusel \u201cIllusioonide aeg\u201d (Allee galeriis 4.03-29.03.2025) eksponeeritud teos on \u00fcks kolmest inimese ego puudutavast teosest. Nukke tegeleb siin k\u00f5ige otsesemalt illusionistliku ruumim\u00e4nguga nagu visuaalsele \u00fcllatusefektile panustav s\u00fcrrealist. Kuldsesse palli paigutatud naine on eneseteadlik, kaunis ja v\u00f5imekas. Iseenda ego \u00fcletamine on tema peamiseks v\u00e4ljakutseks ning l\u00e4bi palli veerema panemise on ta oma eesm\u00e4rki kohe-kohe saavutamas.<\/p>\n","protected":false},"featured_media":30517,"template":"","meta":{"_acf_changed":false},"product_brand":[],"product_cat":[415,56,59,93],"product_tag":[60],"class_list":{"0":"post-30564","1":"product","2":"type-product","3":"status-publish","4":"has-post-thumbnail","6":"product_cat-maal","7":"product_cat-olimaal","8":"product_cat-e-pood","9":"product_cat-segatehnika","10":"product_tag-e-pood","12":"first","13":"outofstock","14":"sold-individually","15":"shipping-taxable","16":"product-type-simple"},"acf":[],"_links":{"self":[{"href":"https:\/\/alleegalerii.ee\/en\/wp-json\/wp\/v2\/product\/30564","targetHints":{"allow":["GET"]}}],"collection":[{"href":"https:\/\/alleegalerii.ee\/en\/wp-json\/wp\/v2\/product"}],"about":[{"href":"https:\/\/alleegalerii.ee\/en\/wp-json\/wp\/v2\/types\/product"}],"wp:featuredmedia":[{"embeddable":true,"href":"https:\/\/alleegalerii.ee\/en\/wp-json\/wp\/v2\/media\/30517"}],"wp:attachment":[{"href":"https:\/\/alleegalerii.ee\/en\/wp-json\/wp\/v2\/media?parent=30564"}],"wp:term":[{"taxonomy":"product_brand","embeddable":true,"href":"https:\/\/alleegalerii.ee\/en\/wp-json\/wp\/v2\/product_brand?post=30564"},{"taxonomy":"product_cat","embeddable":true,"href":"https:\/\/alleegalerii.ee\/en\/wp-json\/wp\/v2\/product_cat?post=30564"},{"taxonomy":"product_tag","embeddable":true,"href":"https:\/\/alleegalerii.ee\/en\/wp-json\/wp\/v2\/product_tag?post=30564"}],"curies":[{"name":"wp","href":"https:\/\/api.w.org\/{rel}","templated":true}]}}