{"id":30563,"date":"2025-03-04T14:14:13","date_gmt":"2025-03-04T12:14:13","guid":{"rendered":"https:\/\/alleegalerii.ee\/?post_type=product&#038;p=30563"},"modified":"2026-01-14T17:20:33","modified_gmt":"2026-01-14T15:20:33","slug":"mall-nukke-ego-iii-2025","status":"publish","type":"product","link":"https:\/\/alleegalerii.ee\/en\/shop\/mall-nukke-ego-iii-2025\/","title":{"rendered":"Mall Nukke \u201cEgo III\u201d, 2025"},"content":{"rendered":"","protected":false},"excerpt":{"rendered":"<p><span style=\"font-weight: 400;\">\u00d5li, akr\u00fc\u00fcl, kuldamine l\u00f5uendil.<\/span><\/p>\n<p><span style=\"font-weight: 400;\">M\u00f5\u00f5dud: \u2205 60 cm.<\/span><\/p>\n<p>Mall Nukke n\u00e4itusel &#8220;Illusioonide aeg&#8221; (Allee galeriis 4.03-29.03.2025) eksponeeritud teos r\u00e4\u00e4gib inimesest ja tema egost, mis piirava mullina tema elu ja m\u00f5ttemaailma v\u00f5ib kammitseda. Ent Nukke teab, et kui sellest lahti lasta, avatud silmadega maailmas ringi vaadata, astuda teise inimese kingadesse, hakkab pall veerema, tekib m\u00e4ng ja lahtilaskmine k\u00f5igest piiravast ning saame t\u00f5eliselt vabaks.<\/p>\n<p>&nbsp;<\/p>\n","protected":false},"featured_media":30582,"template":"","meta":{"_acf_changed":false},"product_brand":[],"product_cat":[415,56,59,93],"product_tag":[60],"class_list":{"0":"post-30563","1":"product","2":"type-product","3":"status-publish","4":"has-post-thumbnail","6":"product_cat-maal","7":"product_cat-olimaal","8":"product_cat-e-pood","9":"product_cat-segatehnika","10":"product_tag-e-pood","12":"first","13":"outofstock","14":"sold-individually","15":"shipping-taxable","16":"product-type-simple"},"acf":[],"_links":{"self":[{"href":"https:\/\/alleegalerii.ee\/en\/wp-json\/wp\/v2\/product\/30563","targetHints":{"allow":["GET"]}}],"collection":[{"href":"https:\/\/alleegalerii.ee\/en\/wp-json\/wp\/v2\/product"}],"about":[{"href":"https:\/\/alleegalerii.ee\/en\/wp-json\/wp\/v2\/types\/product"}],"wp:featuredmedia":[{"embeddable":true,"href":"https:\/\/alleegalerii.ee\/en\/wp-json\/wp\/v2\/media\/30582"}],"wp:attachment":[{"href":"https:\/\/alleegalerii.ee\/en\/wp-json\/wp\/v2\/media?parent=30563"}],"wp:term":[{"taxonomy":"product_brand","embeddable":true,"href":"https:\/\/alleegalerii.ee\/en\/wp-json\/wp\/v2\/product_brand?post=30563"},{"taxonomy":"product_cat","embeddable":true,"href":"https:\/\/alleegalerii.ee\/en\/wp-json\/wp\/v2\/product_cat?post=30563"},{"taxonomy":"product_tag","embeddable":true,"href":"https:\/\/alleegalerii.ee\/en\/wp-json\/wp\/v2\/product_tag?post=30563"}],"curies":[{"name":"wp","href":"https:\/\/api.w.org\/{rel}","templated":true}]}}