{"id":30559,"date":"2025-03-04T13:57:22","date_gmt":"2025-03-04T11:57:22","guid":{"rendered":"https:\/\/alleegalerii.ee\/?post_type=product&#038;p=30559"},"modified":"2026-01-14T17:20:49","modified_gmt":"2026-01-14T15:20:49","slug":"mall-nukke-suur-laine-2025","status":"publish","type":"product","link":"https:\/\/alleegalerii.ee\/en\/shop\/mall-nukke-suur-laine-2025\/","title":{"rendered":"Mall Nukke \u201cSuur Laine\u201d, 2025"},"content":{"rendered":"","protected":false},"excerpt":{"rendered":"<p><span style=\"font-weight: 400;\">\u00d5limaal, kollaa\u017e l\u00f5uendil.<\/span><\/p>\n<p><span style=\"font-weight: 400;\">M\u00f5\u00f5dud: 110 x 180 cm.<\/span><\/p>\n<p>Mall Nukke (s 1964) on eesti neopopkunsti elavaid klassikuid, kes juba 1990. aastatest alates k\u00e4sitleb oma teostes klubiglamuuriga seostatavaid tegelasi mitmet\u00e4henduslikes suhetes \u00fcmbritseva keskkonnaga s\u00fcmbolistlikus, isegi kristlikku ikonograafiat meenutavas kujundi- ja vormikeeles.<\/p>\n<p>Allee galerii n\u00e4itusel &#8220;Illusioonide aeg&#8221; (4.-29.03.2025) eksponeeritud teos \u00fchendab klassikalise \u00f5limaali ning kollaa\u017etehnika. Inspireeritud jaapani kuulsaimast kunstnikust Hokusaist, maalib Nukke oma versiooni suurest lainest ning peidab selle piirile vaevuaimatava Tallinna panoraami ning merelaintesse rahakup\u00fc\u00fcrid. Hingematvalt kaunis p\u00e4ikesekuma toob aga m\u00f5tted tagasi loodusele endale ning selle m\u00f5\u00f5tmatule ilule.<\/p>\n","protected":false},"featured_media":30654,"template":"","meta":{"_acf_changed":false},"product_brand":[],"product_cat":[415,350,56,59,93],"product_tag":[60],"class_list":{"0":"post-30559","1":"product","2":"type-product","3":"status-publish","4":"has-post-thumbnail","6":"product_cat-maal","7":"product_cat-kollaaz","8":"product_cat-olimaal","9":"product_cat-e-pood","10":"product_cat-segatehnika","11":"product_tag-e-pood","13":"first","14":"outofstock","15":"sold-individually","16":"shipping-taxable","17":"product-type-simple"},"acf":[],"_links":{"self":[{"href":"https:\/\/alleegalerii.ee\/en\/wp-json\/wp\/v2\/product\/30559","targetHints":{"allow":["GET"]}}],"collection":[{"href":"https:\/\/alleegalerii.ee\/en\/wp-json\/wp\/v2\/product"}],"about":[{"href":"https:\/\/alleegalerii.ee\/en\/wp-json\/wp\/v2\/types\/product"}],"wp:featuredmedia":[{"embeddable":true,"href":"https:\/\/alleegalerii.ee\/en\/wp-json\/wp\/v2\/media\/30654"}],"wp:attachment":[{"href":"https:\/\/alleegalerii.ee\/en\/wp-json\/wp\/v2\/media?parent=30559"}],"wp:term":[{"taxonomy":"product_brand","embeddable":true,"href":"https:\/\/alleegalerii.ee\/en\/wp-json\/wp\/v2\/product_brand?post=30559"},{"taxonomy":"product_cat","embeddable":true,"href":"https:\/\/alleegalerii.ee\/en\/wp-json\/wp\/v2\/product_cat?post=30559"},{"taxonomy":"product_tag","embeddable":true,"href":"https:\/\/alleegalerii.ee\/en\/wp-json\/wp\/v2\/product_tag?post=30559"}],"curies":[{"name":"wp","href":"https:\/\/api.w.org\/{rel}","templated":true}]}}