{"id":30558,"date":"2025-03-05T14:03:42","date_gmt":"2025-03-05T12:03:42","guid":{"rendered":"https:\/\/alleegalerii.ee\/?post_type=product&#038;p=30558"},"modified":"2025-03-17T09:30:38","modified_gmt":"2025-03-17T07:30:38","slug":"mall-nukke-enne-tormi-ii-2025","status":"publish","type":"product","link":"https:\/\/alleegalerii.ee\/en\/shop\/mall-nukke-enne-tormi-ii-2025\/","title":{"rendered":"Mall Nukke \u201cEnne Tormi II\u201d, 2025"},"content":{"rendered":"","protected":false},"excerpt":{"rendered":"<p><span style=\"font-weight: 400;\">\u00d5li l\u00f5uendil. Raamitud.<\/span><\/p>\n<p><span style=\"font-weight: 400;\">M\u00f5\u00f5dud: 27,5 x 40 cm, raamiga 42,5 x 53,3 cm.<\/span><\/p>\n<p>Mall Nukke (s 1964) l\u00f5petas Eesti Kunstiakadeemia 1992. aastal ning sellest alates osalenud arvukatel n\u00e4itustel nii Eestis kui v\u00e4lismaal. Lisaks kunstnikuna tegutsemisele on Nukke ka p\u00fchendunud \u00f5ppej\u00f5ud ning kuraator.<\/p>\n<p>Nukke isikun\u00e4itusel &#8220;Illusioonide aeg&#8221; (Allee galeriis m\u00e4rtsis 2025, kuraator Harry Liivrand) eksponeeritud teos m\u00f5jub eelk\u00f5ige oma s\u00fcgavusperspektiiviga, mis annab aimu l\u00f5putust taevalaotusest vaataja \u00fcmber.<\/p>\n","protected":false},"featured_media":30646,"template":"","meta":{"_acf_changed":false},"product_brand":[],"product_cat":[415,56,59],"product_tag":[60],"class_list":{"0":"post-30558","1":"product","2":"type-product","3":"status-publish","4":"has-post-thumbnail","6":"product_cat-maal","7":"product_cat-olimaal","8":"product_cat-e-pood","9":"product_tag-e-pood","11":"first","12":"outofstock","13":"sold-individually","14":"shipping-taxable","15":"product-type-simple"},"acf":[],"_links":{"self":[{"href":"https:\/\/alleegalerii.ee\/en\/wp-json\/wp\/v2\/product\/30558","targetHints":{"allow":["GET"]}}],"collection":[{"href":"https:\/\/alleegalerii.ee\/en\/wp-json\/wp\/v2\/product"}],"about":[{"href":"https:\/\/alleegalerii.ee\/en\/wp-json\/wp\/v2\/types\/product"}],"wp:featuredmedia":[{"embeddable":true,"href":"https:\/\/alleegalerii.ee\/en\/wp-json\/wp\/v2\/media\/30646"}],"wp:attachment":[{"href":"https:\/\/alleegalerii.ee\/en\/wp-json\/wp\/v2\/media?parent=30558"}],"wp:term":[{"taxonomy":"product_brand","embeddable":true,"href":"https:\/\/alleegalerii.ee\/en\/wp-json\/wp\/v2\/product_brand?post=30558"},{"taxonomy":"product_cat","embeddable":true,"href":"https:\/\/alleegalerii.ee\/en\/wp-json\/wp\/v2\/product_cat?post=30558"},{"taxonomy":"product_tag","embeddable":true,"href":"https:\/\/alleegalerii.ee\/en\/wp-json\/wp\/v2\/product_tag?post=30558"}],"curies":[{"name":"wp","href":"https:\/\/api.w.org\/{rel}","templated":true}]}}