{"id":30538,"date":"2025-03-01T13:36:07","date_gmt":"2025-03-01T11:36:07","guid":{"rendered":"https:\/\/alleegalerii.ee\/?post_type=product&#038;p=30538"},"modified":"2026-01-16T16:18:44","modified_gmt":"2026-01-16T14:18:44","slug":"evald-okas-kaunitar-puhkehetkel-1984","status":"publish","type":"product","link":"https:\/\/alleegalerii.ee\/en\/shop\/evald-okas-kaunitar-puhkehetkel-1984\/","title":{"rendered":"Evald Okas &#8220;Kaunitar puhkehetkel&#8221;, 1984"},"content":{"rendered":"","protected":false},"excerpt":{"rendered":"<p>Tu\u0161\u0161 paberil. Raamitud.<\/p>\n<p>M\u00f5\u00f5dud: ava 8 x 13,7 cm, raamiga 23 x 28 cm.<\/p>\n<p>All paremal: EOkas 984.<\/p>\n<p>Evald Okas l\u00f5petas Riigi K\u00f5rgema Kunstikooli maali alal 1941. aastal ning samal aastal mobiliseeriti ta Punaarmeesse ning kuulus n\u00f6. rindekunstnikuna ka Jaroslavli eesti kunstnike kollektiivi.<\/p>\n","protected":false},"featured_media":30539,"template":"","meta":{"_acf_changed":false},"product_brand":[],"product_cat":[62,59],"product_tag":[60],"class_list":{"0":"post-30538","1":"product","2":"type-product","3":"status-publish","4":"has-post-thumbnail","6":"product_cat-joonistus","7":"product_cat-e-pood","8":"product_tag-e-pood","10":"first","11":"instock","12":"sold-individually","13":"shipping-taxable","14":"purchasable","15":"product-type-simple"},"acf":[],"_links":{"self":[{"href":"https:\/\/alleegalerii.ee\/en\/wp-json\/wp\/v2\/product\/30538","targetHints":{"allow":["GET"]}}],"collection":[{"href":"https:\/\/alleegalerii.ee\/en\/wp-json\/wp\/v2\/product"}],"about":[{"href":"https:\/\/alleegalerii.ee\/en\/wp-json\/wp\/v2\/types\/product"}],"wp:featuredmedia":[{"embeddable":true,"href":"https:\/\/alleegalerii.ee\/en\/wp-json\/wp\/v2\/media\/30539"}],"wp:attachment":[{"href":"https:\/\/alleegalerii.ee\/en\/wp-json\/wp\/v2\/media?parent=30538"}],"wp:term":[{"taxonomy":"product_brand","embeddable":true,"href":"https:\/\/alleegalerii.ee\/en\/wp-json\/wp\/v2\/product_brand?post=30538"},{"taxonomy":"product_cat","embeddable":true,"href":"https:\/\/alleegalerii.ee\/en\/wp-json\/wp\/v2\/product_cat?post=30538"},{"taxonomy":"product_tag","embeddable":true,"href":"https:\/\/alleegalerii.ee\/en\/wp-json\/wp\/v2\/product_tag?post=30538"}],"curies":[{"name":"wp","href":"https:\/\/api.w.org\/{rel}","templated":true}]}}