{"id":30504,"date":"2025-02-21T14:41:11","date_gmt":"2025-02-21T12:41:11","guid":{"rendered":"https:\/\/alleegalerii.ee\/?post_type=product&#038;p=30504"},"modified":"2025-07-03T11:09:14","modified_gmt":"2025-07-03T08:09:14","slug":"jan-tammik-lilled-2024","status":"publish","type":"product","link":"https:\/\/alleegalerii.ee\/en\/shop\/jan-tammik-lilled-2024\/","title":{"rendered":"Jan Tammik &#8220;Lilled&#8221;, 2024"},"content":{"rendered":"","protected":false},"excerpt":{"rendered":"<p>M\u00dc\u00dcDUD.<\/p>\n<p>\u00d5li l\u00f5uendil. Raamitud.<\/p>\n<p>M\u00f5\u00f5dud: 70 x 70 cm<\/p>\n<p>All vasakul: Jan Tammik<br \/>\nP\u00f6\u00f6rdel: Jan Tammik Lilled 2024 V\u00e4rska<\/p>\n<p><span style=\"font-weight: 400;\">Rakveres s\u00fcndinud Jan Tammik on p\u00e4rinud kunstigeeni isalt Rein Tammikult. Ta on l\u00f5petanud Tartu Kunstikooli ning sisse seadnud oma ateljee Kagu-Eesti maalilises v\u00e4ikelinnas V\u00e4rskas.<\/span><\/p>\n<p><span style=\"font-weight: 400;\">Tammik hindab oma loomingus traditsioonilist maalilaadi. Peamiselt maastikke ja nat\u00fc\u00fcrmorte loova kunstniku teoseid iseloomustab natuuritruudus, nii ka k\u00e4esoleval, s\u00e4ravaid suve\u00f5isi esitleval t\u00f6\u00f6l.<\/span><\/p>\n<p>&nbsp;<\/p>\n","protected":false},"featured_media":30505,"template":"","meta":{"_acf_changed":false},"product_brand":[],"product_cat":[415,56,57,59],"product_tag":[60],"class_list":{"0":"post-30504","1":"product","2":"type-product","3":"status-publish","4":"has-post-thumbnail","6":"product_cat-maal","7":"product_cat-olimaal","8":"product_cat-muudud","9":"product_cat-e-pood","10":"product_tag-e-pood","12":"first","13":"outofstock","14":"sold-individually","15":"shipping-taxable","16":"product-type-simple"},"acf":[],"_links":{"self":[{"href":"https:\/\/alleegalerii.ee\/en\/wp-json\/wp\/v2\/product\/30504","targetHints":{"allow":["GET"]}}],"collection":[{"href":"https:\/\/alleegalerii.ee\/en\/wp-json\/wp\/v2\/product"}],"about":[{"href":"https:\/\/alleegalerii.ee\/en\/wp-json\/wp\/v2\/types\/product"}],"wp:featuredmedia":[{"embeddable":true,"href":"https:\/\/alleegalerii.ee\/en\/wp-json\/wp\/v2\/media\/30505"}],"wp:attachment":[{"href":"https:\/\/alleegalerii.ee\/en\/wp-json\/wp\/v2\/media?parent=30504"}],"wp:term":[{"taxonomy":"product_brand","embeddable":true,"href":"https:\/\/alleegalerii.ee\/en\/wp-json\/wp\/v2\/product_brand?post=30504"},{"taxonomy":"product_cat","embeddable":true,"href":"https:\/\/alleegalerii.ee\/en\/wp-json\/wp\/v2\/product_cat?post=30504"},{"taxonomy":"product_tag","embeddable":true,"href":"https:\/\/alleegalerii.ee\/en\/wp-json\/wp\/v2\/product_tag?post=30504"}],"curies":[{"name":"wp","href":"https:\/\/api.w.org\/{rel}","templated":true}]}}