{"id":30485,"date":"2025-02-21T14:08:55","date_gmt":"2025-02-21T12:08:55","guid":{"rendered":"https:\/\/alleegalerii.ee\/?post_type=product&#038;p=30485"},"modified":"2025-02-24T10:01:54","modified_gmt":"2025-02-24T08:01:54","slug":"lembit-rull-kasesalu-1953","status":"publish","type":"product","link":"https:\/\/alleegalerii.ee\/en\/shop\/lembit-rull-kasesalu-1953\/","title":{"rendered":"Lembit Rull &#8220;Kasesalu&#8221;, 1953"},"content":{"rendered":"","protected":false},"excerpt":{"rendered":"<p>\u00d5li vineeril. Raamitud.<\/p>\n<p>M\u00f5\u00f5dud: 31 x 40,5 cm, raamiga 40 x 49 cm.<\/p>\n<p>\u00dcleval paremal: L. Rull 1953<br \/>\nP\u00f6\u00f6rdel: L. RULL 1958 (Lembit Rull)<\/p>\n<p>Pallaslase Lembit Rulli (1904-1987) ampluaa oli m\u00e4rkimisv\u00e4\u00e4rne. Tema maali ja graafika \u00f5pingud Pallases alates 1925. aastast, mille ta l\u00f5petas Ado Vabbe \u00f5pilasena, ei olnud ainsad erialad, milles oma annet rakendas. Lisaks sellele t\u00f6\u00f6tas ta lavakujundajana Vanemuise teatris ning oli hinnatud karikaturist.<\/p>\n","protected":false},"featured_media":30494,"template":"","meta":{"_acf_changed":false},"product_brand":[],"product_cat":[415,56,59],"product_tag":[60],"class_list":{"0":"post-30485","1":"product","2":"type-product","3":"status-publish","4":"has-post-thumbnail","6":"product_cat-maal","7":"product_cat-olimaal","8":"product_cat-e-pood","9":"product_tag-e-pood","11":"first","12":"instock","13":"sold-individually","14":"shipping-taxable","15":"purchasable","16":"product-type-simple"},"acf":[],"_links":{"self":[{"href":"https:\/\/alleegalerii.ee\/en\/wp-json\/wp\/v2\/product\/30485","targetHints":{"allow":["GET"]}}],"collection":[{"href":"https:\/\/alleegalerii.ee\/en\/wp-json\/wp\/v2\/product"}],"about":[{"href":"https:\/\/alleegalerii.ee\/en\/wp-json\/wp\/v2\/types\/product"}],"wp:featuredmedia":[{"embeddable":true,"href":"https:\/\/alleegalerii.ee\/en\/wp-json\/wp\/v2\/media\/30494"}],"wp:attachment":[{"href":"https:\/\/alleegalerii.ee\/en\/wp-json\/wp\/v2\/media?parent=30485"}],"wp:term":[{"taxonomy":"product_brand","embeddable":true,"href":"https:\/\/alleegalerii.ee\/en\/wp-json\/wp\/v2\/product_brand?post=30485"},{"taxonomy":"product_cat","embeddable":true,"href":"https:\/\/alleegalerii.ee\/en\/wp-json\/wp\/v2\/product_cat?post=30485"},{"taxonomy":"product_tag","embeddable":true,"href":"https:\/\/alleegalerii.ee\/en\/wp-json\/wp\/v2\/product_tag?post=30485"}],"curies":[{"name":"wp","href":"https:\/\/api.w.org\/{rel}","templated":true}]}}