{"id":30478,"date":"2025-02-14T17:16:45","date_gmt":"2025-02-14T15:16:45","guid":{"rendered":"https:\/\/alleegalerii.ee\/?post_type=product&#038;p=30478"},"modified":"2025-05-22T09:45:09","modified_gmt":"2025-05-22T06:45:09","slug":"aleksander-pilar-punased-lilled-1973","status":"publish","type":"product","link":"https:\/\/alleegalerii.ee\/en\/shop\/aleksander-pilar-punased-lilled-1973\/","title":{"rendered":"Aleksander Pilar &#8220;Lillem\u00e4ng&#8221;, 1973"},"content":{"rendered":"","protected":false},"excerpt":{"rendered":"<p>Akvarell paberil. Raamitud.<\/p>\n<p>M\u00f5\u00f5dud: ava 33,5 x 43,5 cm, raamiga\u00a0 51,5 x 59,5 cm.<\/p>\n<p>All paremal: Pilar 73<\/p>\n<p>1930. aastal Anatoli Kaigorodovi k\u00e4e all kunsti\u00f5pinguid alustanud Aleksander Pilarist (1912-1989) kujunes k\u00f5rgelt hinnatud akvarellist, kelle teoseid oodati alati p\u00f5nevusega n\u00e4itustele. Tema eriline tehnika kanda v\u00e4rv alusele kleebitud m\u00e4rjale paberile leidis j\u00e4rgijaid ka tema \u00f5pilaste seas.<\/p>\n<p>&nbsp;<\/p>\n","protected":false},"featured_media":30479,"template":"","meta":{"_acf_changed":false},"product_brand":[],"product_cat":[415,54,57,59],"product_tag":[60],"class_list":{"0":"post-30478","1":"product","2":"type-product","3":"status-publish","4":"has-post-thumbnail","6":"product_cat-maal","7":"product_cat-akvarell","8":"product_cat-muudud","9":"product_cat-e-pood","10":"product_tag-e-pood","12":"first","13":"outofstock","14":"sold-individually","15":"shipping-taxable","16":"purchasable","17":"product-type-simple"},"acf":[],"_links":{"self":[{"href":"https:\/\/alleegalerii.ee\/en\/wp-json\/wp\/v2\/product\/30478","targetHints":{"allow":["GET"]}}],"collection":[{"href":"https:\/\/alleegalerii.ee\/en\/wp-json\/wp\/v2\/product"}],"about":[{"href":"https:\/\/alleegalerii.ee\/en\/wp-json\/wp\/v2\/types\/product"}],"wp:featuredmedia":[{"embeddable":true,"href":"https:\/\/alleegalerii.ee\/en\/wp-json\/wp\/v2\/media\/30479"}],"wp:attachment":[{"href":"https:\/\/alleegalerii.ee\/en\/wp-json\/wp\/v2\/media?parent=30478"}],"wp:term":[{"taxonomy":"product_brand","embeddable":true,"href":"https:\/\/alleegalerii.ee\/en\/wp-json\/wp\/v2\/product_brand?post=30478"},{"taxonomy":"product_cat","embeddable":true,"href":"https:\/\/alleegalerii.ee\/en\/wp-json\/wp\/v2\/product_cat?post=30478"},{"taxonomy":"product_tag","embeddable":true,"href":"https:\/\/alleegalerii.ee\/en\/wp-json\/wp\/v2\/product_tag?post=30478"}],"curies":[{"name":"wp","href":"https:\/\/api.w.org\/{rel}","templated":true}]}}