{"id":30458,"date":"2025-02-13T15:44:30","date_gmt":"2025-02-13T13:44:30","guid":{"rendered":"https:\/\/alleegalerii.ee\/?post_type=product&#038;p=30458"},"modified":"2026-01-16T17:00:48","modified_gmt":"2026-01-16T15:00:48","slug":"mauri-gross-pesa-2024","status":"publish","type":"product","link":"https:\/\/alleegalerii.ee\/en\/shop\/mauri-gross-pesa-2024\/","title":{"rendered":"Mauri Gross &#8220;Pesa&#8221;, 2024"},"content":{"rendered":"","protected":false},"excerpt":{"rendered":"<p>\u00d5li puidul. Raamitud.<\/p>\n<p>M\u00f5\u00f5dud: 49 x 49 cm. Raamiga 52 x 52 cm.<\/p>\n<p>P\u00f6\u00f6rdel: MAURI GROSS \u00d5LI PUIDUL 49&#215;49 2024 &#8220;PESA&#8221;<\/p>\n<p>Mauri Gross on vabakutseline kunstnik, kes on l\u00f5petanud Tartu Kunstikooli ja Eesti Kunstiakadeemia.<br \/>\nAlates 2013 on ta Eesti Kunstnike Liidu liige ja alates 2015 Maalikunstnike Liidu liige. Gross on n\u00e4itustel\u00a0osalenud alates aastast 1991, sealhulgas viimasel viiel aastal osalenud rohkem kui 20 n\u00e4itusel.<\/p>\n","protected":false},"featured_media":30459,"template":"","meta":{"_acf_changed":false},"product_brand":[],"product_cat":[415,56,57,59],"product_tag":[60],"class_list":{"0":"post-30458","1":"product","2":"type-product","3":"status-publish","4":"has-post-thumbnail","6":"product_cat-maal","7":"product_cat-olimaal","8":"product_cat-muudud","9":"product_cat-e-pood","10":"product_tag-e-pood","12":"first","13":"outofstock","14":"sold-individually","15":"shipping-taxable","16":"purchasable","17":"product-type-simple"},"acf":[],"_links":{"self":[{"href":"https:\/\/alleegalerii.ee\/en\/wp-json\/wp\/v2\/product\/30458","targetHints":{"allow":["GET"]}}],"collection":[{"href":"https:\/\/alleegalerii.ee\/en\/wp-json\/wp\/v2\/product"}],"about":[{"href":"https:\/\/alleegalerii.ee\/en\/wp-json\/wp\/v2\/types\/product"}],"wp:featuredmedia":[{"embeddable":true,"href":"https:\/\/alleegalerii.ee\/en\/wp-json\/wp\/v2\/media\/30459"}],"wp:attachment":[{"href":"https:\/\/alleegalerii.ee\/en\/wp-json\/wp\/v2\/media?parent=30458"}],"wp:term":[{"taxonomy":"product_brand","embeddable":true,"href":"https:\/\/alleegalerii.ee\/en\/wp-json\/wp\/v2\/product_brand?post=30458"},{"taxonomy":"product_cat","embeddable":true,"href":"https:\/\/alleegalerii.ee\/en\/wp-json\/wp\/v2\/product_cat?post=30458"},{"taxonomy":"product_tag","embeddable":true,"href":"https:\/\/alleegalerii.ee\/en\/wp-json\/wp\/v2\/product_tag?post=30458"}],"curies":[{"name":"wp","href":"https:\/\/api.w.org\/{rel}","templated":true}]}}