{"id":30453,"date":"2025-02-13T15:33:28","date_gmt":"2025-02-13T13:33:28","guid":{"rendered":"https:\/\/alleegalerii.ee\/?post_type=product&#038;p=30453"},"modified":"2026-01-10T17:16:20","modified_gmt":"2026-01-10T15:16:20","slug":"ott-kangilaski-utria-rand-1948-2","status":"publish","type":"product","link":"https:\/\/alleegalerii.ee\/en\/shop\/ott-kangilaski-utria-rand-1948-2\/","title":{"rendered":"Ott Kangilaski \u201cUtria rand\u201d, 1948"},"content":{"rendered":"","protected":false},"excerpt":{"rendered":"<p>M\u00dc\u00dcDUD.<\/p>\n<p>Ofort paberil. Raamitud.<\/p>\n<p>M\u00f5\u00f5dud: km 22,8 x 27,8 cm, raamiga 45 x 47,5 cm.<\/p>\n<p>All vasakul: \u201cUtria rand\u201d (ofort)<br \/>\nAll paremal: Ott Kangilaski 1948<\/p>\n<p>Viljandimaal s\u00fcndinud Ott Kangilaski (1911-1975) looming toetub suures osas rahvaluulele ja -p\u00e4rimustele, mida ta enne \u201cPallasesse\u201d \u00f5ppima asumist Tartu \u00dclikooli filosoofia osakonnas tudeeris.<\/p>\n<p>Ida-Virumaal asuv Utria (ka Udria) rand v\u00f5lus Kangilaskit kahel p\u00f5hjusel. Esiteks asus seal hingematvalt kaunis pankrannik, mida muuhulgas on maalinud ka kuulus vene kunstnik Ivan \u0160i\u0161kin. Teiseks pakkus Kangilaskile huvi rahvap\u00e4rimus, mille j\u00e4rgi asus seal asuvas \u00fcrgorus r\u00f6\u00f6vlikoobas ehk J\u00e4nesekoobas, kus peatusid viikingid. \u00a0Samuti v\u00f5lus teda fakt, et tegu oli iidse hiiepaigaga.<\/p>\n","protected":false},"featured_media":30454,"template":"","meta":{"_acf_changed":false},"product_brand":[],"product_cat":[61,57,59],"product_tag":[60],"class_list":{"0":"post-30453","1":"product","2":"type-product","3":"status-publish","4":"has-post-thumbnail","6":"product_cat-graafika","7":"product_cat-muudud","8":"product_cat-e-pood","9":"product_tag-e-pood","11":"first","12":"outofstock","13":"sold-individually","14":"shipping-taxable","15":"purchasable","16":"product-type-simple"},"acf":[],"_links":{"self":[{"href":"https:\/\/alleegalerii.ee\/en\/wp-json\/wp\/v2\/product\/30453","targetHints":{"allow":["GET"]}}],"collection":[{"href":"https:\/\/alleegalerii.ee\/en\/wp-json\/wp\/v2\/product"}],"about":[{"href":"https:\/\/alleegalerii.ee\/en\/wp-json\/wp\/v2\/types\/product"}],"wp:featuredmedia":[{"embeddable":true,"href":"https:\/\/alleegalerii.ee\/en\/wp-json\/wp\/v2\/media\/30454"}],"wp:attachment":[{"href":"https:\/\/alleegalerii.ee\/en\/wp-json\/wp\/v2\/media?parent=30453"}],"wp:term":[{"taxonomy":"product_brand","embeddable":true,"href":"https:\/\/alleegalerii.ee\/en\/wp-json\/wp\/v2\/product_brand?post=30453"},{"taxonomy":"product_cat","embeddable":true,"href":"https:\/\/alleegalerii.ee\/en\/wp-json\/wp\/v2\/product_cat?post=30453"},{"taxonomy":"product_tag","embeddable":true,"href":"https:\/\/alleegalerii.ee\/en\/wp-json\/wp\/v2\/product_tag?post=30453"}],"curies":[{"name":"wp","href":"https:\/\/api.w.org\/{rel}","templated":true}]}}