{"id":30449,"date":"2025-02-13T14:42:57","date_gmt":"2025-02-13T12:42:57","guid":{"rendered":"https:\/\/alleegalerii.ee\/?post_type=product&#038;p=30449"},"modified":"2025-02-13T17:03:35","modified_gmt":"2025-02-13T15:03:35","slug":"kai-kaljo-vesikupp-mustjarvel-2023","status":"publish","type":"product","link":"https:\/\/alleegalerii.ee\/en\/shop\/kai-kaljo-vesikupp-mustjarvel-2023\/","title":{"rendered":"Kai Kaljo &#8220;Vesikupp Mustj\u00e4rves&#8221;, 2023"},"content":{"rendered":"","protected":false},"excerpt":{"rendered":"<p>\u00d5li, akr\u00fc\u00fcl l\u00f5uendil.<\/p>\n<p>M\u00f5\u00f5dud: 30 x 35 cm.<\/p>\n<p>All vasakul Kai Kaljo 23<br \/>\nP\u00f6\u00f6rdel: Kai Kaljo 2023 VESIKUPP MUSTJ\u00c4RVES akr\u00fc\u00fcl, \u00f5li l\u00f5uendil<\/p>\n<p>Maali-, installatsiooni- ja videokunstnik Kai Kaljo (s 1959) on p\u00e4lvinud nii Kristjan Raua preemia kui Eesti Kultuurkapitali kujutava ja rakenduskunsti sihtkapitali aastapreemia. Tema rahvusvaheline karj\u00e4\u00e4r sai hoo sisse peale 1997. aastal valminud ikoonilist videot \u201cLuuser\u201d, milles ta ameerikalike naerupahvakate taustal jutustab enda loo kunstnikuks olemise igap\u00e4evast. Kaljo teoseid on kollektsioneerinud lisaks Eestile mitmed mainekad Euroopa muuseumid.<\/p>\n<p>Eestimaa loodusest inspireeritud Kaljo oskab leida p\u00f5nevaid vaatenurki, hinnata argiste objektide ilu ja v\u00e4\u00e4rtust.<\/p>\n","protected":false},"featured_media":30450,"template":"","meta":{"_acf_changed":false},"product_brand":[],"product_cat":[415,56,59,96],"product_tag":[60],"class_list":{"0":"post-30449","1":"product","2":"type-product","3":"status-publish","4":"has-post-thumbnail","6":"product_cat-maal","7":"product_cat-olimaal","8":"product_cat-e-pood","9":"product_cat-akruul","10":"product_tag-e-pood","12":"first","13":"instock","14":"sold-individually","15":"shipping-taxable","16":"purchasable","17":"product-type-simple"},"acf":[],"_links":{"self":[{"href":"https:\/\/alleegalerii.ee\/en\/wp-json\/wp\/v2\/product\/30449","targetHints":{"allow":["GET"]}}],"collection":[{"href":"https:\/\/alleegalerii.ee\/en\/wp-json\/wp\/v2\/product"}],"about":[{"href":"https:\/\/alleegalerii.ee\/en\/wp-json\/wp\/v2\/types\/product"}],"wp:featuredmedia":[{"embeddable":true,"href":"https:\/\/alleegalerii.ee\/en\/wp-json\/wp\/v2\/media\/30450"}],"wp:attachment":[{"href":"https:\/\/alleegalerii.ee\/en\/wp-json\/wp\/v2\/media?parent=30449"}],"wp:term":[{"taxonomy":"product_brand","embeddable":true,"href":"https:\/\/alleegalerii.ee\/en\/wp-json\/wp\/v2\/product_brand?post=30449"},{"taxonomy":"product_cat","embeddable":true,"href":"https:\/\/alleegalerii.ee\/en\/wp-json\/wp\/v2\/product_cat?post=30449"},{"taxonomy":"product_tag","embeddable":true,"href":"https:\/\/alleegalerii.ee\/en\/wp-json\/wp\/v2\/product_tag?post=30449"}],"curies":[{"name":"wp","href":"https:\/\/api.w.org\/{rel}","templated":true}]}}