{"id":30446,"date":"2025-02-13T15:27:51","date_gmt":"2025-02-13T13:27:51","guid":{"rendered":"https:\/\/alleegalerii.ee\/?post_type=product&#038;p=30446"},"modified":"2025-02-24T10:26:14","modified_gmt":"2025-02-24T08:26:14","slug":"kai-kaljo-vihm-laks-ule-viljandi-jarve-2024","status":"publish","type":"product","link":"https:\/\/alleegalerii.ee\/en\/shop\/kai-kaljo-vihm-laks-ule-viljandi-jarve-2024\/","title":{"rendered":"Kai Kaljo &#8220;Vihm l\u00e4ks \u00fcle Viljandi j\u00e4rve&#8221;, 2024"},"content":{"rendered":"","protected":false},"excerpt":{"rendered":"<p>M\u00dc\u00dcDUD.<\/p>\n<p>Akr\u00fc\u00fcl ja \u00f5li l\u00f5uendil.<\/p>\n<p>M\u00f5\u00f5dud: 50 x 50 cm.<\/p>\n<p>All paremal: Kai Kaljo 24<br \/>\nP\u00f6\u00f6rdel: VIHM L\u00c4KS \u00dcLE VILJANDI J\u00c4RVE AUGUST 2024 akr\u00fc\u00fcl, \u00f5li l\u00f5uend Kai Kaljo 2024<\/p>\n<p>Maali-, installatsiooni- ja videokunstnik Kai Kaljo (s 1959) on p\u00e4lvinud nii Kristjan Raua preemia kui Eesti Kultuurkapitali kujutava ja rakenduskunsti sihtkapitali aastapreemia. Tema rahvusvaheline karj\u00e4\u00e4r sai hoo sisse peale 1997. aastal valminud ikoonilist videot \u201cLuuser\u201d, milles ta ameerikalike naerupahvakate taustal jutustab enda loo kunstnikuks olemise igap\u00e4evast. Kaljo teoseid on kollektsioneerinud lisaks Eestile mitmed mainekad Euroopa muuseumid.<\/p>\n","protected":false},"featured_media":30447,"template":"","meta":{"_acf_changed":false},"product_brand":[],"product_cat":[415,56,57,59,96],"product_tag":[60],"class_list":{"0":"post-30446","1":"product","2":"type-product","3":"status-publish","4":"has-post-thumbnail","6":"product_cat-maal","7":"product_cat-olimaal","8":"product_cat-muudud","9":"product_cat-e-pood","10":"product_cat-akruul","11":"product_tag-e-pood","13":"first","14":"outofstock","15":"sold-individually","16":"shipping-taxable","17":"purchasable","18":"product-type-simple"},"acf":[],"_links":{"self":[{"href":"https:\/\/alleegalerii.ee\/en\/wp-json\/wp\/v2\/product\/30446","targetHints":{"allow":["GET"]}}],"collection":[{"href":"https:\/\/alleegalerii.ee\/en\/wp-json\/wp\/v2\/product"}],"about":[{"href":"https:\/\/alleegalerii.ee\/en\/wp-json\/wp\/v2\/types\/product"}],"wp:featuredmedia":[{"embeddable":true,"href":"https:\/\/alleegalerii.ee\/en\/wp-json\/wp\/v2\/media\/30447"}],"wp:attachment":[{"href":"https:\/\/alleegalerii.ee\/en\/wp-json\/wp\/v2\/media?parent=30446"}],"wp:term":[{"taxonomy":"product_brand","embeddable":true,"href":"https:\/\/alleegalerii.ee\/en\/wp-json\/wp\/v2\/product_brand?post=30446"},{"taxonomy":"product_cat","embeddable":true,"href":"https:\/\/alleegalerii.ee\/en\/wp-json\/wp\/v2\/product_cat?post=30446"},{"taxonomy":"product_tag","embeddable":true,"href":"https:\/\/alleegalerii.ee\/en\/wp-json\/wp\/v2\/product_tag?post=30446"}],"curies":[{"name":"wp","href":"https:\/\/api.w.org\/{rel}","templated":true}]}}