{"id":30438,"date":"2025-02-12T13:28:00","date_gmt":"2025-02-12T11:28:00","guid":{"rendered":"https:\/\/alleegalerii.ee\/?post_type=product&#038;p=30438"},"modified":"2026-01-16T16:17:16","modified_gmt":"2026-01-16T14:17:16","slug":"valli-lember-bogatkina-akt-toolil-1950","status":"publish","type":"product","link":"https:\/\/alleegalerii.ee\/en\/shop\/valli-lember-bogatkina-akt-toolil-1950\/","title":{"rendered":"Valli Lember-Bogatkina \u201cAkt toolil\u201d, 1950"},"content":{"rendered":"","protected":false},"excerpt":{"rendered":"<p>Akvarell paberil.<\/p>\n<p>M\u00f5\u00f5dud: lm 57 x 39,4 cm.<\/p>\n<p>All paremal: V. LEMBER-BOGATKINA 1950<\/p>\n<p>Teos on m\u00fc\u00fcgil raamimata kujul. Soovi korral saame olla abiks raamimise teostamisel.<\/p>\n<p>Tartus s\u00fcndinud Valli Lember-Bogatkina (1921-2016) kunstnikutee sai suuresti alguse t\u00e4nu tema kooliaegse \u00f5petaja innustusele, kes noore t\u00fcdruku annet m\u00e4rkas. Nii astuski naine Riigi Kunstt\u00f6\u00f6stuskooli, mille l\u00f5petas 1940. aastal t\u00f5eliste legendide, Roman Nymani, August Janseni ja Eerik Haameri k\u00e4e all.<\/p>\n","protected":false},"featured_media":30439,"template":"","meta":{"_acf_changed":false},"product_brand":[],"product_cat":[415,54,59],"product_tag":[60],"class_list":{"0":"post-30438","1":"product","2":"type-product","3":"status-publish","4":"has-post-thumbnail","6":"product_cat-maal","7":"product_cat-akvarell","8":"product_cat-e-pood","9":"product_tag-e-pood","11":"first","12":"instock","13":"sold-individually","14":"shipping-taxable","15":"purchasable","16":"product-type-simple"},"acf":[],"_links":{"self":[{"href":"https:\/\/alleegalerii.ee\/en\/wp-json\/wp\/v2\/product\/30438","targetHints":{"allow":["GET"]}}],"collection":[{"href":"https:\/\/alleegalerii.ee\/en\/wp-json\/wp\/v2\/product"}],"about":[{"href":"https:\/\/alleegalerii.ee\/en\/wp-json\/wp\/v2\/types\/product"}],"wp:featuredmedia":[{"embeddable":true,"href":"https:\/\/alleegalerii.ee\/en\/wp-json\/wp\/v2\/media\/30439"}],"wp:attachment":[{"href":"https:\/\/alleegalerii.ee\/en\/wp-json\/wp\/v2\/media?parent=30438"}],"wp:term":[{"taxonomy":"product_brand","embeddable":true,"href":"https:\/\/alleegalerii.ee\/en\/wp-json\/wp\/v2\/product_brand?post=30438"},{"taxonomy":"product_cat","embeddable":true,"href":"https:\/\/alleegalerii.ee\/en\/wp-json\/wp\/v2\/product_cat?post=30438"},{"taxonomy":"product_tag","embeddable":true,"href":"https:\/\/alleegalerii.ee\/en\/wp-json\/wp\/v2\/product_tag?post=30438"}],"curies":[{"name":"wp","href":"https:\/\/api.w.org\/{rel}","templated":true}]}}