{"id":30432,"date":"2025-02-12T13:48:17","date_gmt":"2025-02-12T11:48:17","guid":{"rendered":"https:\/\/alleegalerii.ee\/?post_type=product&#038;p=30432"},"modified":"2025-08-19T12:54:15","modified_gmt":"2025-08-19T09:54:15","slug":"valli-lember-bogatkina-udune-mets-2000","status":"publish","type":"product","link":"https:\/\/alleegalerii.ee\/en\/shop\/valli-lember-bogatkina-udune-mets-2000\/","title":{"rendered":"Valli Lember-Bogatkina &#8220;Udulooris metsaviirg&#8221;, 2000"},"content":{"rendered":"","protected":false},"excerpt":{"rendered":"<p>Akvarell paberil. Teos on m\u00fc\u00fcgil raamimata kujul, ent soovi korral saame raamimisega abiks olla.<\/p>\n<p>M\u00f5\u00f5dud: lm 35 x 50 cm.<\/p>\n<p>All paremal: V. LEMBER-BOGATKINA 2000<\/p>\n<p>Tartus s\u00fcndinud Valli Lember-Bogatkina (1921-2016) kunstnikutee sai suuresti alguse t\u00e4nu tema kooliaegse \u00f5petaja innustusele, kes noore t\u00fcdruku annet m\u00e4rkas. Nii astuski naine Riigi Kunstt\u00f6\u00f6stuskooli, mille l\u00f5petas 1940. aastal t\u00f5eliste legendide, Roman Nymani, August Janseni ja Eerik Haameri k\u00e4e all.<\/p>\n<p>Lember-Bogatkina lemmiktehnikaks kujunes akvarell, milles valmisid lisaks rahvatantsijatele ning sulnistele aktidele ka maastikuvaated. Enamasti olid need inspireeritud tema p\u00f5hjarannikul Karepal asunud loodusest. V\u00e4ga suure t\u00f5en\u00e4osusega kujutab ka k\u00e4esolev uduvinest kantud maastik justnimelt sealtkandi vaadet.<\/p>\n<p>&nbsp;<\/p>\n","protected":false},"featured_media":30433,"template":"","meta":{"_acf_changed":false},"product_brand":[],"product_cat":[415,54,59],"product_tag":[60],"class_list":{"0":"post-30432","1":"product","2":"type-product","3":"status-publish","4":"has-post-thumbnail","6":"product_cat-maal","7":"product_cat-akvarell","8":"product_cat-e-pood","9":"product_tag-e-pood","11":"first","12":"instock","13":"sold-individually","14":"shipping-taxable","15":"purchasable","16":"product-type-simple"},"acf":[],"_links":{"self":[{"href":"https:\/\/alleegalerii.ee\/en\/wp-json\/wp\/v2\/product\/30432","targetHints":{"allow":["GET"]}}],"collection":[{"href":"https:\/\/alleegalerii.ee\/en\/wp-json\/wp\/v2\/product"}],"about":[{"href":"https:\/\/alleegalerii.ee\/en\/wp-json\/wp\/v2\/types\/product"}],"wp:featuredmedia":[{"embeddable":true,"href":"https:\/\/alleegalerii.ee\/en\/wp-json\/wp\/v2\/media\/30433"}],"wp:attachment":[{"href":"https:\/\/alleegalerii.ee\/en\/wp-json\/wp\/v2\/media?parent=30432"}],"wp:term":[{"taxonomy":"product_brand","embeddable":true,"href":"https:\/\/alleegalerii.ee\/en\/wp-json\/wp\/v2\/product_brand?post=30432"},{"taxonomy":"product_cat","embeddable":true,"href":"https:\/\/alleegalerii.ee\/en\/wp-json\/wp\/v2\/product_cat?post=30432"},{"taxonomy":"product_tag","embeddable":true,"href":"https:\/\/alleegalerii.ee\/en\/wp-json\/wp\/v2\/product_tag?post=30432"}],"curies":[{"name":"wp","href":"https:\/\/api.w.org\/{rel}","templated":true}]}}