{"id":30423,"date":"2025-02-08T15:17:42","date_gmt":"2025-02-08T13:17:42","guid":{"rendered":"https:\/\/alleegalerii.ee\/?post_type=product&#038;p=30423"},"modified":"2025-02-13T15:50:09","modified_gmt":"2025-02-13T13:50:09","slug":"marju-bormeister-talu-muhu-saarel-1991","status":"publish","type":"product","link":"https:\/\/alleegalerii.ee\/en\/shop\/marju-bormeister-talu-muhu-saarel-1991\/","title":{"rendered":"Marju Bormeister &#8220;Talu Muhu saarel\u201d, 1991"},"content":{"rendered":"","protected":false},"excerpt":{"rendered":"<p>\u00d5li masoniidil. M\u00fc\u00fcgil raamimata kujul, ent saame soovi korral abiks olla.<\/p>\n<p>M\u00f5\u00f5dud: 50 x 69 cm.<\/p>\n<p>All paremal: M. BORMEISTER<br \/>\nP\u00f6\u00f6rdel: MARJU KAGOVERE BORMEISTER \u00f5li, masoniit 1991. Muhu saar Liiva k\u00fcla<\/p>\n<p>Marju Bormeister (s. 1945) sai juba geenidega kaasa kunstiande. 1985. aastal ERKI maalikunstniku ja pedagoogina l\u00f5petanud Bormeister armastab oma loomingus kasutada motiive loodusest, lisaks maastike kujutamisele ka k\u00f5nekaid s\u00fcmboleid, n\u00e4iteks kala v\u00f5i kukk.<\/p>\n<p>K\u00e4esolev varase loomingu n\u00e4ide viib vaataja Muhumaa s\u00fcdamesse, Liiva k\u00fclla. Valides maali kandvaks tooniks k\u00fcpse kuldkollase, annab kunstnik tabavalt edasi arhailise k\u00fcla vaikselt kulgevat, sooja ja tasast loomust.<\/p>\n","protected":false},"featured_media":30424,"template":"","meta":{"_acf_changed":false},"product_brand":[],"product_cat":[415,56,59],"product_tag":[60],"class_list":{"0":"post-30423","1":"product","2":"type-product","3":"status-publish","4":"has-post-thumbnail","6":"product_cat-maal","7":"product_cat-olimaal","8":"product_cat-e-pood","9":"product_tag-e-pood","11":"first","12":"instock","13":"sold-individually","14":"shipping-taxable","15":"purchasable","16":"product-type-simple"},"acf":[],"_links":{"self":[{"href":"https:\/\/alleegalerii.ee\/en\/wp-json\/wp\/v2\/product\/30423","targetHints":{"allow":["GET"]}}],"collection":[{"href":"https:\/\/alleegalerii.ee\/en\/wp-json\/wp\/v2\/product"}],"about":[{"href":"https:\/\/alleegalerii.ee\/en\/wp-json\/wp\/v2\/types\/product"}],"wp:featuredmedia":[{"embeddable":true,"href":"https:\/\/alleegalerii.ee\/en\/wp-json\/wp\/v2\/media\/30424"}],"wp:attachment":[{"href":"https:\/\/alleegalerii.ee\/en\/wp-json\/wp\/v2\/media?parent=30423"}],"wp:term":[{"taxonomy":"product_brand","embeddable":true,"href":"https:\/\/alleegalerii.ee\/en\/wp-json\/wp\/v2\/product_brand?post=30423"},{"taxonomy":"product_cat","embeddable":true,"href":"https:\/\/alleegalerii.ee\/en\/wp-json\/wp\/v2\/product_cat?post=30423"},{"taxonomy":"product_tag","embeddable":true,"href":"https:\/\/alleegalerii.ee\/en\/wp-json\/wp\/v2\/product_tag?post=30423"}],"curies":[{"name":"wp","href":"https:\/\/api.w.org\/{rel}","templated":true}]}}