{"id":30415,"date":"2025-02-13T16:01:39","date_gmt":"2025-02-13T14:01:39","guid":{"rendered":"https:\/\/alleegalerii.ee\/?post_type=product&#038;p=30415"},"modified":"2025-03-14T16:28:10","modified_gmt":"2025-03-14T14:28:10","slug":"maret-kernumees-vanapaganad-motlevad-1968","status":"publish","type":"product","link":"https:\/\/alleegalerii.ee\/en\/shop\/maret-kernumees-vanapaganad-motlevad-1968\/","title":{"rendered":"Maret Kernumees &#8220;Vanapaganad m\u00f5tlevad&#8221;, 1968"},"content":{"rendered":"","protected":false},"excerpt":{"rendered":"<p>Linooll\u00f5ige paberil. Raamimata.<\/p>\n<p>M\u00f5\u00f5dud: km 22,5 x 36 cm.<\/p>\n<p>All vasakul: Vanapaganad m\u00f5tlevad. Linool. 1968. 197\/200<br \/>\nAll paremal: MKernumees<\/p>\n<p>Maret Kernumees (1934-1997) oli hariduselt raamatugraafik ning seet\u00f5ttu on tema teosed enamasti jutustusliku iseloomuga. Nii ka linooll\u00f5ikel &#8220;Vanapaganad m\u00f5tlevad&#8221;, kus kolme tihedalt t\u00e4is joonistatud figuuri taust on j\u00e4etud k\u00f5nekalt t\u00fchjaks representeerides m\u00f5tte vaba lendu.<\/p>\n<p>Teos vajab restaureerimist.<\/p>\n","protected":false},"featured_media":30416,"template":"","meta":{"_acf_changed":false},"product_brand":[],"product_cat":[61,59],"product_tag":[60],"class_list":{"0":"post-30415","1":"product","2":"type-product","3":"status-publish","4":"has-post-thumbnail","6":"product_cat-graafika","7":"product_cat-e-pood","8":"product_tag-e-pood","10":"first","11":"outofstock","12":"shipping-taxable","13":"product-type-simple"},"acf":[],"_links":{"self":[{"href":"https:\/\/alleegalerii.ee\/en\/wp-json\/wp\/v2\/product\/30415","targetHints":{"allow":["GET"]}}],"collection":[{"href":"https:\/\/alleegalerii.ee\/en\/wp-json\/wp\/v2\/product"}],"about":[{"href":"https:\/\/alleegalerii.ee\/en\/wp-json\/wp\/v2\/types\/product"}],"wp:featuredmedia":[{"embeddable":true,"href":"https:\/\/alleegalerii.ee\/en\/wp-json\/wp\/v2\/media\/30416"}],"wp:attachment":[{"href":"https:\/\/alleegalerii.ee\/en\/wp-json\/wp\/v2\/media?parent=30415"}],"wp:term":[{"taxonomy":"product_brand","embeddable":true,"href":"https:\/\/alleegalerii.ee\/en\/wp-json\/wp\/v2\/product_brand?post=30415"},{"taxonomy":"product_cat","embeddable":true,"href":"https:\/\/alleegalerii.ee\/en\/wp-json\/wp\/v2\/product_cat?post=30415"},{"taxonomy":"product_tag","embeddable":true,"href":"https:\/\/alleegalerii.ee\/en\/wp-json\/wp\/v2\/product_tag?post=30415"}],"curies":[{"name":"wp","href":"https:\/\/api.w.org\/{rel}","templated":true}]}}