{"id":30405,"date":"2025-02-07T15:25:13","date_gmt":"2025-02-07T13:25:13","guid":{"rendered":"https:\/\/alleegalerii.ee\/?post_type=product&#038;p=30405"},"modified":"2025-02-07T15:25:13","modified_gmt":"2025-02-07T13:25:13","slug":"ado-vabbe-7-joonistust","status":"publish","type":"product","link":"https:\/\/alleegalerii.ee\/en\/shop\/ado-vabbe-7-joonistust\/","title":{"rendered":"Ado Vabbe &#8211; 7 joonistust"},"content":{"rendered":"","protected":false},"excerpt":{"rendered":"<p>Pliiats paberil. Komplekt koosneb seitsmest raamitud Ado Vabbe joonistusest.<\/p>\n<p>Teos nr 1. &#8220;Naisakt aknal&#8221;. M\u00f5\u00f5dud: ava 12 x 8,5 cm, raamiga 30,5 x 28 cm. (Teose klaas vajab vahetust)<br \/>\nTeos nr 2. &#8220;Suveo\u0308o\u0308 unena\u0308gu&#8221;. M\u00f5\u00f5dud: ava 19,5 x 14,5 cm, raamiga 33 x 27 cm.<br \/>\nTeos nr 3. &#8220;Tu\u0308tarlaps aknal&#8221;. M\u00f5\u00f5dud: ava 13,5 x 12,5 cm, raamiga 27 x 25 cm.<br \/>\nTeos nr 4. &#8220;Lokaalis&#8221;. M\u00f5\u00f5dud: ava 15 x 9 cm, raamiga 28,5 x 21,5 cm.<br \/>\nTeos nr 5. &#8220;Unistaja&#8221;. M\u00f5\u00f5dud: ava 15,7 x 10 cm, raamiga 29,5 x 22,5 cm.<br \/>\nTeos nr 6. &#8220;Vestlus&#8221;. M\u00f5\u00f5dud: ava 14 x 16 cm, raamiga 27,5 x 28,5 cm.<br \/>\nTeos nr 7. &#8220;So\u0303brad pargipingil&#8221;. M\u00f5\u00f5dud: ava 12,5 x 19 cm, raamiga 26 x 31,5 cm.<\/p>\n<p>Eesti kunsti \u00fche suurkuju ja Pallase asutajaliikme, Ado Vabbe (1892-1961) k\u00e4e all on kujunenud terve plejaad andekaid kunstnikke: Karl P\u00e4rsim\u00e4gi, Endel K\u00f5ks, Elmar Kits jpt. End erinevates Euroopa kunsti s\u00fcdametes koolitanud Vabbe t\u00f5i kodumaale kaasa uusi tehnikaid, ideid ja suundi.<\/p>\n","protected":false},"featured_media":30406,"template":"","meta":{"_acf_changed":false},"product_brand":[],"product_cat":[62,59],"product_tag":[60],"class_list":{"0":"post-30405","1":"product","2":"type-product","3":"status-publish","4":"has-post-thumbnail","6":"product_cat-joonistus","7":"product_cat-e-pood","8":"product_tag-e-pood","10":"first","11":"instock","12":"sold-individually","13":"shipping-taxable","14":"purchasable","15":"product-type-simple"},"acf":[],"_links":{"self":[{"href":"https:\/\/alleegalerii.ee\/en\/wp-json\/wp\/v2\/product\/30405","targetHints":{"allow":["GET"]}}],"collection":[{"href":"https:\/\/alleegalerii.ee\/en\/wp-json\/wp\/v2\/product"}],"about":[{"href":"https:\/\/alleegalerii.ee\/en\/wp-json\/wp\/v2\/types\/product"}],"wp:featuredmedia":[{"embeddable":true,"href":"https:\/\/alleegalerii.ee\/en\/wp-json\/wp\/v2\/media\/30406"}],"wp:attachment":[{"href":"https:\/\/alleegalerii.ee\/en\/wp-json\/wp\/v2\/media?parent=30405"}],"wp:term":[{"taxonomy":"product_brand","embeddable":true,"href":"https:\/\/alleegalerii.ee\/en\/wp-json\/wp\/v2\/product_brand?post=30405"},{"taxonomy":"product_cat","embeddable":true,"href":"https:\/\/alleegalerii.ee\/en\/wp-json\/wp\/v2\/product_cat?post=30405"},{"taxonomy":"product_tag","embeddable":true,"href":"https:\/\/alleegalerii.ee\/en\/wp-json\/wp\/v2\/product_tag?post=30405"}],"curies":[{"name":"wp","href":"https:\/\/api.w.org\/{rel}","templated":true}]}}