{"id":30399,"date":"2025-02-05T18:17:28","date_gmt":"2025-02-05T16:17:28","guid":{"rendered":"https:\/\/alleegalerii.ee\/?post_type=product&#038;p=30399"},"modified":"2026-01-14T17:13:24","modified_gmt":"2026-01-14T15:13:24","slug":"andrei-jegorov-sahiseva-reega","status":"publish","type":"product","link":"https:\/\/alleegalerii.ee\/en\/shop\/andrei-jegorov-sahiseva-reega\/","title":{"rendered":"Andrei Jegorov &#8220;Lumes sahiseva reega&#8221;"},"content":{"rendered":"","protected":false},"excerpt":{"rendered":"<p>Segatehnika. Raamitud.<\/p>\n<p>M\u00f5\u00f5tmed: 24 x 34 cm, koos raamiga 48,5 x 58 cm<\/p>\n<div class=\"wpb_wrapper is_stuck\">\n<div class=\"wpb_text_column wpb_content_element\">\n<div class=\"wpb_wrapper\">\n<p>Juba noorena s\u00fcgavalt kunstiarmastust n\u00e4idanud Andrei Jegorovi maalilt \u00f5hkub karget talve\u00f5hku ja madalalt k\u00e4iva p\u00e4ikese s\u00e4ra. &#8220;Lumes sahiseva reega&#8221; on teos, mis paneb vaataja k\u00f5rvus kajama m\u00f6\u00f6da k\u00fclateed s\u00f5itva hoburakendi sahiseva heli.<\/p>\n<\/div>\n<\/div>\n<\/div>\n","protected":false},"featured_media":30400,"template":"","meta":{"_acf_changed":false},"product_brand":[],"product_cat":[415,59,93],"product_tag":[60],"class_list":{"0":"post-30399","1":"product","2":"type-product","3":"status-publish","4":"has-post-thumbnail","6":"product_cat-maal","7":"product_cat-e-pood","8":"product_cat-segatehnika","9":"product_tag-e-pood","11":"first","12":"outofstock","13":"sold-individually","14":"shipping-taxable","15":"product-type-simple"},"acf":[],"_links":{"self":[{"href":"https:\/\/alleegalerii.ee\/en\/wp-json\/wp\/v2\/product\/30399","targetHints":{"allow":["GET"]}}],"collection":[{"href":"https:\/\/alleegalerii.ee\/en\/wp-json\/wp\/v2\/product"}],"about":[{"href":"https:\/\/alleegalerii.ee\/en\/wp-json\/wp\/v2\/types\/product"}],"wp:featuredmedia":[{"embeddable":true,"href":"https:\/\/alleegalerii.ee\/en\/wp-json\/wp\/v2\/media\/30400"}],"wp:attachment":[{"href":"https:\/\/alleegalerii.ee\/en\/wp-json\/wp\/v2\/media?parent=30399"}],"wp:term":[{"taxonomy":"product_brand","embeddable":true,"href":"https:\/\/alleegalerii.ee\/en\/wp-json\/wp\/v2\/product_brand?post=30399"},{"taxonomy":"product_cat","embeddable":true,"href":"https:\/\/alleegalerii.ee\/en\/wp-json\/wp\/v2\/product_cat?post=30399"},{"taxonomy":"product_tag","embeddable":true,"href":"https:\/\/alleegalerii.ee\/en\/wp-json\/wp\/v2\/product_tag?post=30399"}],"curies":[{"name":"wp","href":"https:\/\/api.w.org\/{rel}","templated":true}]}}