{"id":30393,"date":"2025-02-05T16:06:12","date_gmt":"2025-02-05T14:06:12","guid":{"rendered":"https:\/\/alleegalerii.ee\/?post_type=product&#038;p=30393"},"modified":"2026-01-14T16:47:56","modified_gmt":"2026-01-14T14:47:56","slug":"andrei-jegorov-kevadet-oodates","status":"publish","type":"product","link":"https:\/\/alleegalerii.ee\/en\/shop\/andrei-jegorov-kevadet-oodates\/","title":{"rendered":"Andrei Jegorov &#8220;Kevadet oodates&#8221;, 1930ndad"},"content":{"rendered":"","protected":false},"excerpt":{"rendered":"<p>Segatehnika. Raamitud.<\/p>\n<p>M\u00f5\u00f5dud: 16,5 x 22 cm, koos raamiga 42 x 47 cm.<\/p>\n<p>Aruk\u00fclas s\u00fcndinud Andrei Jegorov (1878-1954) armastas lumiseid k\u00fclateed hoburakenditega kujutada eelk\u00f5ige 1920-ndatel ja 1930-ndatel aastatel. P\u00f5hjaliku loojanatuurina ei suhtunud Jegorov \u00fchtegi oma maali kergek\u00e4eliselt ning p\u00fc\u00fcdis alati kompositsiooni varieerida ning leida uusi p\u00f5nevaid detaile, mida lisada.<\/p>\n<p>K\u00e4esoleval teosel annab kunstnik edasi ootusrikast aega, mil pikk talv on kohe l\u00f5ppemas, esimesed lombidki juba p\u00f5llule tekkinud ning p\u00e4ikesekiiredki v\u00f5tnud soojemad ja mahedamad toonid. \u00dclipeened, justkui vaid \u00fche pintslikarvaga maalitud raagus puude tipud kutsuvad vaatajat teost l\u00e4hemalt vaatama ning annavad tunnistust kunstniku p\u00fchendumisest. Seljataha vaatav talumees j\u00e4tab m\u00f5tetes justkui h\u00fcvasti lumerikka talvega ja nii toob Jegorov valitseva meeleolu v\u00e4ga nappide, ent efektsete v\u00f5tetega meisterlikult esile.<\/p>\n","protected":false},"featured_media":30394,"template":"","meta":{"_acf_changed":false},"product_brand":[],"product_cat":[415,59,93],"product_tag":[],"class_list":{"0":"post-30393","1":"product","2":"type-product","3":"status-publish","4":"has-post-thumbnail","6":"product_cat-maal","7":"product_cat-e-pood","8":"product_cat-segatehnika","10":"first","11":"instock","12":"shipping-taxable","13":"purchasable","14":"product-type-simple"},"acf":[],"_links":{"self":[{"href":"https:\/\/alleegalerii.ee\/en\/wp-json\/wp\/v2\/product\/30393","targetHints":{"allow":["GET"]}}],"collection":[{"href":"https:\/\/alleegalerii.ee\/en\/wp-json\/wp\/v2\/product"}],"about":[{"href":"https:\/\/alleegalerii.ee\/en\/wp-json\/wp\/v2\/types\/product"}],"wp:featuredmedia":[{"embeddable":true,"href":"https:\/\/alleegalerii.ee\/en\/wp-json\/wp\/v2\/media\/30394"}],"wp:attachment":[{"href":"https:\/\/alleegalerii.ee\/en\/wp-json\/wp\/v2\/media?parent=30393"}],"wp:term":[{"taxonomy":"product_brand","embeddable":true,"href":"https:\/\/alleegalerii.ee\/en\/wp-json\/wp\/v2\/product_brand?post=30393"},{"taxonomy":"product_cat","embeddable":true,"href":"https:\/\/alleegalerii.ee\/en\/wp-json\/wp\/v2\/product_cat?post=30393"},{"taxonomy":"product_tag","embeddable":true,"href":"https:\/\/alleegalerii.ee\/en\/wp-json\/wp\/v2\/product_tag?post=30393"}],"curies":[{"name":"wp","href":"https:\/\/api.w.org\/{rel}","templated":true}]}}