{"id":30382,"date":"2025-02-04T14:12:36","date_gmt":"2025-02-04T12:12:36","guid":{"rendered":"https:\/\/alleegalerii.ee\/?post_type=product&#038;p=30382"},"modified":"2026-03-07T11:15:40","modified_gmt":"2026-03-07T09:15:40","slug":"ilmar-malin-teel","status":"publish","type":"product","link":"https:\/\/alleegalerii.ee\/en\/shop\/ilmar-malin-teel\/","title":{"rendered":"Ilmar Malin &#8220;Teel&#8221;, 1960ndad"},"content":{"rendered":"","protected":false},"excerpt":{"rendered":"<p>\u00d5li l\u00f5uendil. 1960ndad.<\/p>\n<p>M\u00f5\u00f5dud 92 x 73 cm.<\/p>\n<p>Raamitud.<\/p>\n<p>Tartu esis\u00fcrrealisti Ilmar Malini abstraktne maal opereerib geomeetriliste vormide ning r\u00f5hutatud kontuurjoontega. \u201cTeel\u201d on s\u00fcmboolse t\u00e4hendusega seisukohav\u00f5tt, v\u00e4ljendades autori jaoks modernistlike kunstivooludega kaasaminekut, eksperimenteerimisvajadust, loomingulisi eneseotsinguid.<\/p>\n<p>Teoses on huvitavalt l\u00e4henetud ruumiprobleemile, pildisisese s\u00fcgavuseillusiooni kujutamisele, kasutades nii kubismile, abstraktsele ekspressionismile kui s\u00fcrrealismile omaseid v\u00f5tteid \u2013 aga v\u00e4rvik\u00e4sitlus reedab ometi pallaslikku peenendunud maalikooli.<\/p>\n<p>Kunstnik Mauri Gross kirjutab: \u201cJ\u00f5uline segadus on autorile omaselt selge ja \u00e4ratuntav. V\u00f5imas ja selge pinnamotiiv on hea ankur neile, kes m\u00e4ngureegleid teavad, aga k\u00f5igile teistele j\u00e4tab see \u00f5hku pinevad k\u00fcsimused. Lopsakalt \u00fcle maalitud kihid kindlalt piiritletud kontrastsete erksate v\u00e4rvidega p\u00e4devad sama efektsena ka t\u00e4nases kunstimaailmas\u201d.<\/p>\n","protected":false},"featured_media":29650,"template":"","meta":{"_acf_changed":false},"product_brand":[],"product_cat":[415,56,59],"product_tag":[60],"class_list":{"0":"post-30382","1":"product","2":"type-product","3":"status-publish","4":"has-post-thumbnail","6":"product_cat-maal","7":"product_cat-olimaal","8":"product_cat-e-pood","9":"product_tag-e-pood","11":"first","12":"instock","13":"sold-individually","14":"shipping-taxable","15":"purchasable","16":"product-type-simple"},"acf":[],"_links":{"self":[{"href":"https:\/\/alleegalerii.ee\/en\/wp-json\/wp\/v2\/product\/30382","targetHints":{"allow":["GET"]}}],"collection":[{"href":"https:\/\/alleegalerii.ee\/en\/wp-json\/wp\/v2\/product"}],"about":[{"href":"https:\/\/alleegalerii.ee\/en\/wp-json\/wp\/v2\/types\/product"}],"wp:featuredmedia":[{"embeddable":true,"href":"https:\/\/alleegalerii.ee\/en\/wp-json\/wp\/v2\/media\/29650"}],"wp:attachment":[{"href":"https:\/\/alleegalerii.ee\/en\/wp-json\/wp\/v2\/media?parent=30382"}],"wp:term":[{"taxonomy":"product_brand","embeddable":true,"href":"https:\/\/alleegalerii.ee\/en\/wp-json\/wp\/v2\/product_brand?post=30382"},{"taxonomy":"product_cat","embeddable":true,"href":"https:\/\/alleegalerii.ee\/en\/wp-json\/wp\/v2\/product_cat?post=30382"},{"taxonomy":"product_tag","embeddable":true,"href":"https:\/\/alleegalerii.ee\/en\/wp-json\/wp\/v2\/product_tag?post=30382"}],"curies":[{"name":"wp","href":"https:\/\/api.w.org\/{rel}","templated":true}]}}