{"id":30367,"date":"2025-01-30T19:45:25","date_gmt":"2025-01-30T17:45:25","guid":{"rendered":"https:\/\/alleegalerii.ee\/?post_type=product&#038;p=30367"},"modified":"2026-01-14T16:40:12","modified_gmt":"2026-01-14T14:40:12","slug":"juri-ristna-pirnid-2006","status":"publish","type":"product","link":"https:\/\/alleegalerii.ee\/en\/shop\/juri-ristna-pirnid-2006\/","title":{"rendered":"J\u00fcri Ristna &#8220;Pirnid&#8221;, 2006"},"content":{"rendered":"","protected":false},"excerpt":{"rendered":"<p>\u00d5li, segatehnika masoniidil. Raamitud.<\/p>\n<p>M\u00f5\u00f5dud: 25 x 30 cm, raamiga 39 x 43,5 cm.<\/p>\n<p>All paremal: SIR-NAT 06<\/p>\n<p>Viimase paarik\u00fcmne aasta jooksul on Eesti kunstielus omamoodi n\u00e4htuseks kujunenud J\u00fcri Ristna (1950-2012) looming, kelle teoste paremikku otsitakse tikutulega. 1980. aastal asus ta spordit\u00f6\u00f6 k\u00f5rvalt kaug\u00f5ppekursustele kunsti \u00f5ppima ning leidis peagi tee V\u00f5rumaale K\u00fctiorgu Eetla ja Valdur Ohaka suvekodusse. Ristna tegutseski peamiselt L\u00f5una-Eestis ja pidas seal kunstikooli, ent ametlikult Kunstnike Liitu ei astunud.<\/p>\n<p>Teosel &#8220;Pirnid&#8221; kasutab autor h\u00f5be- ning kuldlehti, millede helkleva efekti esile toomiseks on ta pealispinna alla j\u00e4\u00e4va osa eelnevalt tumedaks v\u00e4rvinud. N\u00f5nda muutub teos elavaks ning muinasjutuliseks, mis viib meid justkui ajas tagasi renessansiaega.<\/p>\n<p>&nbsp;<\/p>\n","protected":false},"featured_media":30373,"template":"","meta":{"_acf_changed":false},"product_brand":[],"product_cat":[415,59,93],"product_tag":[60],"class_list":{"0":"post-30367","1":"product","2":"type-product","3":"status-publish","4":"has-post-thumbnail","6":"product_cat-maal","7":"product_cat-e-pood","8":"product_cat-segatehnika","9":"product_tag-e-pood","11":"first","12":"instock","13":"sold-individually","14":"shipping-taxable","15":"purchasable","16":"product-type-simple"},"acf":[],"_links":{"self":[{"href":"https:\/\/alleegalerii.ee\/en\/wp-json\/wp\/v2\/product\/30367","targetHints":{"allow":["GET"]}}],"collection":[{"href":"https:\/\/alleegalerii.ee\/en\/wp-json\/wp\/v2\/product"}],"about":[{"href":"https:\/\/alleegalerii.ee\/en\/wp-json\/wp\/v2\/types\/product"}],"wp:featuredmedia":[{"embeddable":true,"href":"https:\/\/alleegalerii.ee\/en\/wp-json\/wp\/v2\/media\/30373"}],"wp:attachment":[{"href":"https:\/\/alleegalerii.ee\/en\/wp-json\/wp\/v2\/media?parent=30367"}],"wp:term":[{"taxonomy":"product_brand","embeddable":true,"href":"https:\/\/alleegalerii.ee\/en\/wp-json\/wp\/v2\/product_brand?post=30367"},{"taxonomy":"product_cat","embeddable":true,"href":"https:\/\/alleegalerii.ee\/en\/wp-json\/wp\/v2\/product_cat?post=30367"},{"taxonomy":"product_tag","embeddable":true,"href":"https:\/\/alleegalerii.ee\/en\/wp-json\/wp\/v2\/product_tag?post=30367"}],"curies":[{"name":"wp","href":"https:\/\/api.w.org\/{rel}","templated":true}]}}