{"id":30353,"date":"2025-01-30T22:08:52","date_gmt":"2025-01-30T20:08:52","guid":{"rendered":"https:\/\/alleegalerii.ee\/?post_type=product&#038;p=30353"},"modified":"2025-02-24T10:28:31","modified_gmt":"2025-02-24T08:28:31","slug":"valdur-ohakas-lumemarjad-1992","status":"publish","type":"product","link":"https:\/\/alleegalerii.ee\/en\/shop\/valdur-ohakas-lumemarjad-1992\/","title":{"rendered":"Valdur Ohakas &#8220;Lumemarjad&#8221;, 1992"},"content":{"rendered":"","protected":false},"excerpt":{"rendered":"<p><span style=\"font-weight: 400;\">M\u00dc\u00dcDUD.<\/span><\/p>\n<p><span style=\"font-weight: 400;\">\u00d5li masoniidil. Raamitud.<\/span><\/p>\n<p><span style=\"font-weight: 400;\">M\u00f5\u00f5dud: 30 x 30 cm raamiga 33 x 33 cm.<\/span><\/p>\n<p>All paremal: V.OHAKAS 92<\/p>\n<p>Valdur Ohaka (1925-1998) kunsti\u00f5pingud said alguse Tallinna Kujutava ja Rakenduskunsti koolis. Hiljem Tartu Riiklikusse Kunstiinstituuti astunud mehel j\u00e4i viimane l\u00f5pusirgel kahjuks siiski l\u00f5petamata 1949. aastal toimunud arreteerimise t\u00f5ttu, kus ta koos teiste kunstitudengitega 7 aastaks vangilaagrisse viidi. Sellest hoolimata olid tema Tallinna \u00f5petajad Eerik Haamer ja Johannes Greenberg ning Tartu \u00f5petajad Johannes V\u00f5erahansu ja Elmar Kits talle nii tugeva p\u00f5hja andnud, et Ohakast sai m\u00e4rkimisv\u00e4\u00e4rne kunstnik meie kultuuriloos.<\/p>\n<p>1990ndatel naases kunstnik k\u00f5rgelt hinnatud abstraktse stiili juurde, mille suurep\u00e4raseks n\u00e4iteks on k\u00e4esolev intiimformaadis teos.<\/p>\n","protected":false},"featured_media":30359,"template":"","meta":{"_acf_changed":false},"product_brand":[],"product_cat":[415,56,57,59],"product_tag":[60],"class_list":{"0":"post-30353","1":"product","2":"type-product","3":"status-publish","4":"has-post-thumbnail","6":"product_cat-maal","7":"product_cat-olimaal","8":"product_cat-muudud","9":"product_cat-e-pood","10":"product_tag-e-pood","12":"first","13":"outofstock","14":"shipping-taxable","15":"purchasable","16":"product-type-simple"},"acf":[],"_links":{"self":[{"href":"https:\/\/alleegalerii.ee\/en\/wp-json\/wp\/v2\/product\/30353","targetHints":{"allow":["GET"]}}],"collection":[{"href":"https:\/\/alleegalerii.ee\/en\/wp-json\/wp\/v2\/product"}],"about":[{"href":"https:\/\/alleegalerii.ee\/en\/wp-json\/wp\/v2\/types\/product"}],"wp:featuredmedia":[{"embeddable":true,"href":"https:\/\/alleegalerii.ee\/en\/wp-json\/wp\/v2\/media\/30359"}],"wp:attachment":[{"href":"https:\/\/alleegalerii.ee\/en\/wp-json\/wp\/v2\/media?parent=30353"}],"wp:term":[{"taxonomy":"product_brand","embeddable":true,"href":"https:\/\/alleegalerii.ee\/en\/wp-json\/wp\/v2\/product_brand?post=30353"},{"taxonomy":"product_cat","embeddable":true,"href":"https:\/\/alleegalerii.ee\/en\/wp-json\/wp\/v2\/product_cat?post=30353"},{"taxonomy":"product_tag","embeddable":true,"href":"https:\/\/alleegalerii.ee\/en\/wp-json\/wp\/v2\/product_tag?post=30353"}],"curies":[{"name":"wp","href":"https:\/\/api.w.org\/{rel}","templated":true}]}}