{"id":30332,"date":"2025-01-24T17:46:08","date_gmt":"2025-01-24T15:46:08","guid":{"rendered":"https:\/\/alleegalerii.ee\/?post_type=product&#038;p=30332"},"modified":"2025-01-28T16:18:06","modified_gmt":"2025-01-28T14:18:06","slug":"imbi-lind-saaremaa-talu-1995","status":"publish","type":"product","link":"https:\/\/alleegalerii.ee\/en\/shop\/imbi-lind-saaremaa-talu-1995\/","title":{"rendered":"Imbi Lind &#8220;Saaremaa talu&#8221;, 1995"},"content":{"rendered":"","protected":false},"excerpt":{"rendered":"<p>\u00d5li l\u00f5uend kleebitud papile. M\u00fc\u00fcgil raamitud kujul, kuid soovitame vahetust.<\/p>\n<p>M\u00f5\u00f5dud: 46 x 38 cm.<\/p>\n<p>All paremal: Imbi Lind 1995.<br \/>\nP\u00f6\u00f6rdel: Imbi Lind &#8220;Saaremaa talu&#8221; 1995.a. Tallinn<\/p>\n<p>ERKI 1956. aastal l\u00f5petanud Imbi Lind (s. 1930) on maalinud peamiselt portreid, kuid ka maastikke ja lilli.<br \/>\nLind andis oma kunstiande edasi ka lastele, kunstnikest \u00f5dedele Epp Maria Kokam\u00e4ele ja Ilo Kokam\u00e4ele.<\/p>\n","protected":false},"featured_media":30335,"template":"","meta":{"_acf_changed":false},"product_brand":[],"product_cat":[59],"product_tag":[60],"class_list":{"0":"post-30332","1":"product","2":"type-product","3":"status-publish","4":"has-post-thumbnail","6":"product_cat-e-pood","7":"product_tag-e-pood","9":"first","10":"instock","11":"sold-individually","12":"shipping-taxable","13":"purchasable","14":"product-type-simple"},"acf":[],"_links":{"self":[{"href":"https:\/\/alleegalerii.ee\/en\/wp-json\/wp\/v2\/product\/30332","targetHints":{"allow":["GET"]}}],"collection":[{"href":"https:\/\/alleegalerii.ee\/en\/wp-json\/wp\/v2\/product"}],"about":[{"href":"https:\/\/alleegalerii.ee\/en\/wp-json\/wp\/v2\/types\/product"}],"wp:featuredmedia":[{"embeddable":true,"href":"https:\/\/alleegalerii.ee\/en\/wp-json\/wp\/v2\/media\/30335"}],"wp:attachment":[{"href":"https:\/\/alleegalerii.ee\/en\/wp-json\/wp\/v2\/media?parent=30332"}],"wp:term":[{"taxonomy":"product_brand","embeddable":true,"href":"https:\/\/alleegalerii.ee\/en\/wp-json\/wp\/v2\/product_brand?post=30332"},{"taxonomy":"product_cat","embeddable":true,"href":"https:\/\/alleegalerii.ee\/en\/wp-json\/wp\/v2\/product_cat?post=30332"},{"taxonomy":"product_tag","embeddable":true,"href":"https:\/\/alleegalerii.ee\/en\/wp-json\/wp\/v2\/product_tag?post=30332"}],"curies":[{"name":"wp","href":"https:\/\/api.w.org\/{rel}","templated":true}]}}