{"id":30322,"date":"2025-01-24T15:42:43","date_gmt":"2025-01-24T13:42:43","guid":{"rendered":"https:\/\/alleegalerii.ee\/?post_type=product&#038;p=30322"},"modified":"2025-01-31T16:52:04","modified_gmt":"2025-01-31T14:52:04","slug":"harri-puderselli-joe-motiiv-1991","status":"publish","type":"product","link":"https:\/\/alleegalerii.ee\/en\/shop\/harri-puderselli-joe-motiiv-1991\/","title":{"rendered":"Harri Pudersell \u201cJ\u00f5e motiiv\u201d, 1991"},"content":{"rendered":"","protected":false},"excerpt":{"rendered":"<p class=\"p1\">\u00d5li masoniidil. Restaureeritud originaalraam.<\/p>\n<p class=\"p1\">M\u00f5\u00f5dud: 50,5 x 69,5 cm, raamiga 59 x 78 cm.<\/p>\n<p class=\"p1\">All paremal: Pudersell 91.<br \/>\nP\u00f6\u00f6rel: H. Pudersell. J\u00f5e motiiv 1991 \u00f5li, l\u00f5uend<\/p>\n<p>Valdavalt heledat koloriiti ja \u00f5hulist, t\u00e4ppivat kujutlusviisi armastanud Harri Pudersell (1922-2008) l\u00f5petas Tartu Riikliku Kunstiinstituudi Johannes V\u00f5erahansu \u00f5pilasena. Tema loomingus domineerisid maastik ja lillemaal, mis sobisid h\u00e4sti tema impressionistlike taotluste pinnaseks.<\/p>\n<p>K\u00e4esolev j\u00f5evaade esindab suvist hetke Eesti taasiseseisvumise aastast &#8211;\u00a0 \u00f5hus on tunda elevat lootust. Helesinine taevas peegeldub j\u00f5ele, mille soojast tuulest tingitud pinnav\u00e4reluse on Pudersell meisterlikult l\u00f5uendil edasi andnud.<\/p>\n","protected":false},"featured_media":30323,"template":"","meta":{"_acf_changed":false},"product_brand":[],"product_cat":[415,56,59],"product_tag":[60],"class_list":{"0":"post-30322","1":"product","2":"type-product","3":"status-publish","4":"has-post-thumbnail","6":"product_cat-maal","7":"product_cat-olimaal","8":"product_cat-e-pood","9":"product_tag-e-pood","11":"first","12":"instock","13":"sold-individually","14":"shipping-taxable","15":"purchasable","16":"product-type-simple"},"acf":[],"_links":{"self":[{"href":"https:\/\/alleegalerii.ee\/en\/wp-json\/wp\/v2\/product\/30322","targetHints":{"allow":["GET"]}}],"collection":[{"href":"https:\/\/alleegalerii.ee\/en\/wp-json\/wp\/v2\/product"}],"about":[{"href":"https:\/\/alleegalerii.ee\/en\/wp-json\/wp\/v2\/types\/product"}],"wp:featuredmedia":[{"embeddable":true,"href":"https:\/\/alleegalerii.ee\/en\/wp-json\/wp\/v2\/media\/30323"}],"wp:attachment":[{"href":"https:\/\/alleegalerii.ee\/en\/wp-json\/wp\/v2\/media?parent=30322"}],"wp:term":[{"taxonomy":"product_brand","embeddable":true,"href":"https:\/\/alleegalerii.ee\/en\/wp-json\/wp\/v2\/product_brand?post=30322"},{"taxonomy":"product_cat","embeddable":true,"href":"https:\/\/alleegalerii.ee\/en\/wp-json\/wp\/v2\/product_cat?post=30322"},{"taxonomy":"product_tag","embeddable":true,"href":"https:\/\/alleegalerii.ee\/en\/wp-json\/wp\/v2\/product_tag?post=30322"}],"curies":[{"name":"wp","href":"https:\/\/api.w.org\/{rel}","templated":true}]}}