{"id":30274,"date":"2025-01-21T17:06:15","date_gmt":"2025-01-21T15:06:15","guid":{"rendered":"https:\/\/alleegalerii.ee\/?post_type=product&#038;p=30274"},"modified":"2025-01-21T19:07:11","modified_gmt":"2025-01-21T17:07:11","slug":"santa-zukker-annabel-2024","status":"publish","type":"product","link":"https:\/\/alleegalerii.ee\/en\/shop\/santa-zukker-annabel-2024\/","title":{"rendered":"Santa Zukker &#8220;Annabel&#8221;, 2024"},"content":{"rendered":"","protected":false},"excerpt":{"rendered":"<p>Akr\u00fc\u00fcl masoniidil. Raamitud.<\/p>\n<p>M\u00f5\u00f5dud: 20 x 25 cm, raamiga 43,5 x 44 cm.<\/p>\n<p>All vasakul: SZ.<br \/>\nP\u00f6\u00f6rdel: &#8220;Annabel&#8221; Santa Zukker 2024.a akr\u00fc\u00fcl masoniidil 20 x 25 cm SZukker.<\/p>\n<div>1991. aastal V\u00f5rus s\u00fcndinud Santa Zukker kirjutab oma tundek\u00fcllasest teosest &#8220;Annabel&#8221;: &#8220;Elu on kui raamat, milles on erinevad peat\u00fckid. Hetke j\u00e4\u00e4dvustamine annab aimu sellest, kuidas aeg m\u00f6\u00f6dub. Ilma keeruliseta me ei m\u00e4rkaks tagasi vaadates k\u00f5ike seda ilusat, mis on meie \u00fcmber.&#8221;<\/div>\n<div>K\u00e4esolev teos oli eksponeeritud 2024. aasta Maalikunstnike Liidu aastan\u00e4itusel &#8220;Sinu keha&#8221; Kadrioru galeriis (kuraatorid Tiiu Rebane ja Triinu Soikmets).<\/div>\n","protected":false},"featured_media":30280,"template":"","meta":{"_acf_changed":false},"product_brand":[],"product_cat":[415,59,96],"product_tag":[60],"class_list":{"0":"post-30274","1":"product","2":"type-product","3":"status-publish","4":"has-post-thumbnail","6":"product_cat-maal","7":"product_cat-e-pood","8":"product_cat-akruul","9":"product_tag-e-pood","11":"first","12":"instock","13":"sold-individually","14":"shipping-taxable","15":"purchasable","16":"product-type-simple"},"acf":[],"_links":{"self":[{"href":"https:\/\/alleegalerii.ee\/en\/wp-json\/wp\/v2\/product\/30274","targetHints":{"allow":["GET"]}}],"collection":[{"href":"https:\/\/alleegalerii.ee\/en\/wp-json\/wp\/v2\/product"}],"about":[{"href":"https:\/\/alleegalerii.ee\/en\/wp-json\/wp\/v2\/types\/product"}],"wp:featuredmedia":[{"embeddable":true,"href":"https:\/\/alleegalerii.ee\/en\/wp-json\/wp\/v2\/media\/30280"}],"wp:attachment":[{"href":"https:\/\/alleegalerii.ee\/en\/wp-json\/wp\/v2\/media?parent=30274"}],"wp:term":[{"taxonomy":"product_brand","embeddable":true,"href":"https:\/\/alleegalerii.ee\/en\/wp-json\/wp\/v2\/product_brand?post=30274"},{"taxonomy":"product_cat","embeddable":true,"href":"https:\/\/alleegalerii.ee\/en\/wp-json\/wp\/v2\/product_cat?post=30274"},{"taxonomy":"product_tag","embeddable":true,"href":"https:\/\/alleegalerii.ee\/en\/wp-json\/wp\/v2\/product_tag?post=30274"}],"curies":[{"name":"wp","href":"https:\/\/api.w.org\/{rel}","templated":true}]}}