{"id":30266,"date":"2025-01-18T14:19:29","date_gmt":"2025-01-18T12:19:29","guid":{"rendered":"https:\/\/alleegalerii.ee\/?post_type=product&#038;p=30266"},"modified":"2025-12-06T18:41:17","modified_gmt":"2025-12-06T16:41:17","slug":"silvi-liiva-oitsemine-1984","status":"publish","type":"product","link":"https:\/\/alleegalerii.ee\/en\/shop\/silvi-liiva-oitsemine-1984\/","title":{"rendered":"Silvi Liiva &#8220;\u00d5itsemine&#8221;, 1984"},"content":{"rendered":"","protected":false},"excerpt":{"rendered":"<p>Ofort paberil. Raamitud (soovitame raami vahetust, mille osas saame soovi korral abiks olla).<\/p>\n<p>M\u00f5\u00f5dud: plm 41,5 x 24 cm, raamiga 66,5 x 42,5 cm.<\/p>\n<p>All vasakul: \u00d5itsemine. ofort. 10\/30<br \/>\nAll paremal: Silvi Liiva 1984<\/p>\n<p>Eesti graafikas on Silvi Liiva (1941-2023) n\u00e4htus omaette, poeetilise s\u00fcmbolismi suurkuju. Kui r\u00e4\u00e4kida naiselikust peenusest, tundelisusest ja \u00f5rnusest, siis Silvi Liiva on see par excellence.<\/p>\n<p>1980. aastatel toimub Liiva graafikas tegevus konkretiseerimata ruumis, kus s\u00f5numit kannavad \u00f5rnad naisolevused. Nii ka &#8220;\u00d5itsemises&#8221;, kus kunstnik on kesksele kohale asetanud n\u00f5elpeente joontega kujutatud puu, mille \u00f5ide puhkemist seda \u00fcmbritsevad figuurid imetlema on tulnud. K\u00e4esoleva t\u00f5mmise teeb eriliseks \u00f5rn punakas toon taustal, mis omakorda v\u00f5imendab t\u00f6\u00f6 s\u00f5numit.<\/p>\n","protected":false},"featured_media":30267,"template":"","meta":{"_acf_changed":false},"product_brand":[],"product_cat":[61,59],"product_tag":[60],"class_list":{"0":"post-30266","1":"product","2":"type-product","3":"status-publish","4":"has-post-thumbnail","6":"product_cat-graafika","7":"product_cat-e-pood","8":"product_tag-e-pood","10":"first","11":"instock","12":"sold-individually","13":"shipping-taxable","14":"purchasable","15":"product-type-simple"},"acf":[],"_links":{"self":[{"href":"https:\/\/alleegalerii.ee\/en\/wp-json\/wp\/v2\/product\/30266","targetHints":{"allow":["GET"]}}],"collection":[{"href":"https:\/\/alleegalerii.ee\/en\/wp-json\/wp\/v2\/product"}],"about":[{"href":"https:\/\/alleegalerii.ee\/en\/wp-json\/wp\/v2\/types\/product"}],"wp:featuredmedia":[{"embeddable":true,"href":"https:\/\/alleegalerii.ee\/en\/wp-json\/wp\/v2\/media\/30267"}],"wp:attachment":[{"href":"https:\/\/alleegalerii.ee\/en\/wp-json\/wp\/v2\/media?parent=30266"}],"wp:term":[{"taxonomy":"product_brand","embeddable":true,"href":"https:\/\/alleegalerii.ee\/en\/wp-json\/wp\/v2\/product_brand?post=30266"},{"taxonomy":"product_cat","embeddable":true,"href":"https:\/\/alleegalerii.ee\/en\/wp-json\/wp\/v2\/product_cat?post=30266"},{"taxonomy":"product_tag","embeddable":true,"href":"https:\/\/alleegalerii.ee\/en\/wp-json\/wp\/v2\/product_tag?post=30266"}],"curies":[{"name":"wp","href":"https:\/\/api.w.org\/{rel}","templated":true}]}}