{"id":30261,"date":"2025-01-18T13:56:03","date_gmt":"2025-01-18T11:56:03","guid":{"rendered":"https:\/\/alleegalerii.ee\/?post_type=product&#038;p=30261"},"modified":"2025-12-06T18:42:27","modified_gmt":"2025-12-06T16:42:27","slug":"boris-ninemae-tudrukud-heinamaal","status":"publish","type":"product","link":"https:\/\/alleegalerii.ee\/en\/shop\/boris-ninemae-tudrukud-heinamaal\/","title":{"rendered":"Boris Ninem\u00e4e \u201cT\u00fcdrukud heinamaal&#8221;"},"content":{"rendered":"","protected":false},"excerpt":{"rendered":"<p>\u00d5li l\u00f5uendil. Raamitud.<\/p>\n<p>M\u00f5\u00f5dud: 22 x 27 cm, raamiga 40 x 45 cm.<\/p>\n<p>All paremal: NINEMAE<br \/>\nP\u00f6\u00f6rdel: Flicker pa \u00e4nger<\/p>\n<p>Eestist p\u00e4rit, kuid s\u00f5ja ajal Rootsi emigreerunud Boris Ninem\u00e4e j\u00e4i ka paguluses kujutama kodumaiseid vaateid ja teemasid.<\/p>\n<p>Tema stseenid ranna- ja taluelust on edasi antud igatsuslikult soojas koloriidis, nii ka &#8220;T\u00fcdrukud heinamaal&#8221;, millel kunstnik on p\u00f6\u00f6ranud tavap\u00e4rasest enam t\u00e4helepanu detailsele looduse kujutamisele. V\u00f5ime aasal aimata suve s\u00fcmboliseerivaid moone ja karikakraid ning taamal looklevat kiviaeda &#8211; nii t\u00fc\u00fcpilist tema kodusele Hiiumaale.<\/p>\n","protected":false},"featured_media":30262,"template":"","meta":{"_acf_changed":false},"product_brand":[],"product_cat":[415,56,59],"product_tag":[60],"class_list":{"0":"post-30261","1":"product","2":"type-product","3":"status-publish","4":"has-post-thumbnail","6":"product_cat-maal","7":"product_cat-olimaal","8":"product_cat-e-pood","9":"product_tag-e-pood","11":"first","12":"instock","13":"sold-individually","14":"shipping-taxable","15":"purchasable","16":"product-type-simple"},"acf":[],"_links":{"self":[{"href":"https:\/\/alleegalerii.ee\/en\/wp-json\/wp\/v2\/product\/30261","targetHints":{"allow":["GET"]}}],"collection":[{"href":"https:\/\/alleegalerii.ee\/en\/wp-json\/wp\/v2\/product"}],"about":[{"href":"https:\/\/alleegalerii.ee\/en\/wp-json\/wp\/v2\/types\/product"}],"wp:featuredmedia":[{"embeddable":true,"href":"https:\/\/alleegalerii.ee\/en\/wp-json\/wp\/v2\/media\/30262"}],"wp:attachment":[{"href":"https:\/\/alleegalerii.ee\/en\/wp-json\/wp\/v2\/media?parent=30261"}],"wp:term":[{"taxonomy":"product_brand","embeddable":true,"href":"https:\/\/alleegalerii.ee\/en\/wp-json\/wp\/v2\/product_brand?post=30261"},{"taxonomy":"product_cat","embeddable":true,"href":"https:\/\/alleegalerii.ee\/en\/wp-json\/wp\/v2\/product_cat?post=30261"},{"taxonomy":"product_tag","embeddable":true,"href":"https:\/\/alleegalerii.ee\/en\/wp-json\/wp\/v2\/product_tag?post=30261"}],"curies":[{"name":"wp","href":"https:\/\/api.w.org\/{rel}","templated":true}]}}