{"id":30222,"date":"2025-01-15T13:26:53","date_gmt":"2025-01-15T11:26:53","guid":{"rendered":"https:\/\/alleegalerii.ee\/?post_type=product&#038;p=30222"},"modified":"2025-12-05T13:46:43","modified_gmt":"2025-12-05T11:46:43","slug":"ervin-ounapuu-elutuli-1994","status":"publish","type":"product","link":"https:\/\/alleegalerii.ee\/en\/shop\/ervin-ounapuu-elutuli-1994\/","title":{"rendered":"Ervin \u00d5unapuu \u201cElutuli\u201d, 1994"},"content":{"rendered":"","protected":false},"excerpt":{"rendered":"<p>\u00d5li l\u00f5uendil. Raamitud.<\/p>\n<p>M\u00f5\u00f5dud: 80,5 x 90 cm<\/p>\n<p>All paremal: E\u00d5 94<\/p>\n<p style=\"text-align: right;\">\u201cOlevast olematust kogu aeg antakse aimu.<br \/>\nK\u00f5igile kuulatada.<br \/>\nUsun elu ja ennast, k\u00f5iges elavat vaim,<br \/>\nvaikust s\u00f5nade taga\u201d<\/p>\n<p style=\"text-align: right;\">Katkend Doris Kareva luuletusest \u201cNii palju kordi on sind puudutanud\u201d, 1980<\/p>\n<p>Eesti s\u00fcrrealismi klassik Ervin \u00d5unapuu (s 1956) on \u00f5limaali praktiseerinud v\u00e4ga v\u00e4he \u2013 peamiselt tunneme teda akvarellistina \u2013 ent eksistentsiaalsus on l\u00e4bivaks teemaks neis m\u00f5lemis.<\/p>\n<p>\u201cElutuli\u201d r\u00e4\u00e4gib maailma algusest. Hetkest, mil tr\u00f6\u00f6stitult pimedas rabas alustasid \u00f5itsemist laternataimed. Hetkest, mil vaikselt \u00e4rganud tuul haaras kaasa nende valguse ning tuulispasana keerutades s\u00fcnnitas t\u00e4iesti uue tule, elutule. \u00d5unapuu looming on t\u00e4is filosoofilisi m\u00f5ttek\u00e4ike, mis viivad vaataja kaugele \u00e4ra, metaf\u00fc\u00fcsilisse maailma, kus pole inimest. Sinna, kus on vaid \u00fcrgne looduse j\u00f5ud ning s\u00fcnnivad taipamised, mille \u00e4ratundmiseks tuleb sukelduda s\u00fcgavale alateadvusse. Sinna, kus peitub su t\u00f5eline elutuli.<\/p>\n","protected":false},"featured_media":29533,"template":"","meta":{"_acf_changed":false},"product_brand":[],"product_cat":[415,56,59],"product_tag":[60],"class_list":{"0":"post-30222","1":"product","2":"type-product","3":"status-publish","4":"has-post-thumbnail","6":"product_cat-maal","7":"product_cat-olimaal","8":"product_cat-e-pood","9":"product_tag-e-pood","11":"first","12":"instock","13":"sold-individually","14":"shipping-taxable","15":"purchasable","16":"product-type-simple"},"acf":[],"_links":{"self":[{"href":"https:\/\/alleegalerii.ee\/en\/wp-json\/wp\/v2\/product\/30222","targetHints":{"allow":["GET"]}}],"collection":[{"href":"https:\/\/alleegalerii.ee\/en\/wp-json\/wp\/v2\/product"}],"about":[{"href":"https:\/\/alleegalerii.ee\/en\/wp-json\/wp\/v2\/types\/product"}],"wp:featuredmedia":[{"embeddable":true,"href":"https:\/\/alleegalerii.ee\/en\/wp-json\/wp\/v2\/media\/29533"}],"wp:attachment":[{"href":"https:\/\/alleegalerii.ee\/en\/wp-json\/wp\/v2\/media?parent=30222"}],"wp:term":[{"taxonomy":"product_brand","embeddable":true,"href":"https:\/\/alleegalerii.ee\/en\/wp-json\/wp\/v2\/product_brand?post=30222"},{"taxonomy":"product_cat","embeddable":true,"href":"https:\/\/alleegalerii.ee\/en\/wp-json\/wp\/v2\/product_cat?post=30222"},{"taxonomy":"product_tag","embeddable":true,"href":"https:\/\/alleegalerii.ee\/en\/wp-json\/wp\/v2\/product_tag?post=30222"}],"curies":[{"name":"wp","href":"https:\/\/api.w.org\/{rel}","templated":true}]}}