{"id":30221,"date":"2025-01-15T13:23:45","date_gmt":"2025-01-15T11:23:45","guid":{"rendered":"https:\/\/alleegalerii.ee\/?post_type=product&#038;p=30221"},"modified":"2025-01-15T13:23:46","modified_gmt":"2025-01-15T11:23:46","slug":"ilmar-kruusamae-maasikas-1991","status":"publish","type":"product","link":"https:\/\/alleegalerii.ee\/en\/shop\/ilmar-kruusamae-maasikas-1991\/","title":{"rendered":"Ilmar Kruusam\u00e4e \u201cMaasikas\u201d, 1991"},"content":{"rendered":"","protected":false},"excerpt":{"rendered":"<p>\u00d5li l\u00f5uendil. Raamitud.<\/p>\n<p>M\u00f5\u00f5dud: 60 x 70 cm<\/p>\n<p>All vasakul: Ilmar Kruusam\u00e4e 91.<br \/>\nP\u00f6\u00f6rdel alusraamil: Ilmar Kruusam\u00e4e (s. 1957) MAASIKAS 1991 \u00f5li. 6070cm<\/p>\n<p>Tartu slaidistide hulka kuuluva Ilmar Kruusam\u00e4e (s. 1957) fotorealistlik looming kuulub olulise osana erinevate eesti kunstimuuseumite varasalve ning tema juhitavast legendaarsest Tartu \u00dclikooli Kunstikabinetist on aga v\u00e4lja kasvanud terve rida eesti kunsti olulisi nimesid. Muuhulgas oli tema \u00fcks kuulsamaid teoseid, \u201cKevadine koolivaheaeg\u201d (EKM, 1983) kaasatud sel aastal Vilniuses toimunud v\u00f5imsal Balti riikide kunsti tutvustaval n\u00e4itusel \u201cWe don\u00b4t do this\u201d.<\/p>\n<p>\u201cMaasikas\u201d esindab Kruusam\u00e4e s\u00fcrrealistlikku loomingut, mida ta viljeles r\u00fchmituse Para liikmena. Meelelised kujundid on Kruusam\u00e4ed alati huvitanud ja ka selles t\u00f6\u00f6s m\u00e4ngib ta lihtsa, ent erutavalt tundelise kujundiga \u2013 okkalise s\u00fcdamekujulise maasikaga naise huulte vahel. Teos sobib h\u00e4sti 1990. aastate alguse Eesti visuaalsesse maailma, mil erootilise kunsti populaarsus erinevates valdkondades justki paisu tagant vallandus ning \u00fchendab Kruusam\u00e4e v\u00f5imed realistliku maalitehnika ning s\u00fcrrealistliku motiivik\u00e4sitluse vahel.<\/p>\n","protected":false},"featured_media":27093,"template":"","meta":{"_acf_changed":false},"product_brand":[],"product_cat":[415,56,59],"product_tag":[60],"class_list":{"0":"post-30221","1":"product","2":"type-product","3":"status-publish","4":"has-post-thumbnail","6":"product_cat-maal","7":"product_cat-olimaal","8":"product_cat-e-pood","9":"product_tag-e-pood","11":"first","12":"instock","13":"sold-individually","14":"shipping-taxable","15":"purchasable","16":"product-type-simple"},"acf":[],"_links":{"self":[{"href":"https:\/\/alleegalerii.ee\/en\/wp-json\/wp\/v2\/product\/30221","targetHints":{"allow":["GET"]}}],"collection":[{"href":"https:\/\/alleegalerii.ee\/en\/wp-json\/wp\/v2\/product"}],"about":[{"href":"https:\/\/alleegalerii.ee\/en\/wp-json\/wp\/v2\/types\/product"}],"wp:featuredmedia":[{"embeddable":true,"href":"https:\/\/alleegalerii.ee\/en\/wp-json\/wp\/v2\/media\/27093"}],"wp:attachment":[{"href":"https:\/\/alleegalerii.ee\/en\/wp-json\/wp\/v2\/media?parent=30221"}],"wp:term":[{"taxonomy":"product_brand","embeddable":true,"href":"https:\/\/alleegalerii.ee\/en\/wp-json\/wp\/v2\/product_brand?post=30221"},{"taxonomy":"product_cat","embeddable":true,"href":"https:\/\/alleegalerii.ee\/en\/wp-json\/wp\/v2\/product_cat?post=30221"},{"taxonomy":"product_tag","embeddable":true,"href":"https:\/\/alleegalerii.ee\/en\/wp-json\/wp\/v2\/product_tag?post=30221"}],"curies":[{"name":"wp","href":"https:\/\/api.w.org\/{rel}","templated":true}]}}