{"id":30220,"date":"2025-01-15T13:21:02","date_gmt":"2025-01-15T11:21:02","guid":{"rendered":"https:\/\/alleegalerii.ee\/?post_type=product&#038;p=30220"},"modified":"2026-01-14T16:39:16","modified_gmt":"2026-01-14T14:39:16","slug":"jaan-elken-blues-taxi-zum-klo-1996-1997","status":"publish","type":"product","link":"https:\/\/alleegalerii.ee\/en\/shop\/jaan-elken-blues-taxi-zum-klo-1996-1997\/","title":{"rendered":"Jaan Elken \u201cBlues\/TAXI ZUM KLO\u201d, 1996-1997"},"content":{"rendered":"","protected":false},"excerpt":{"rendered":"<p>Akr\u00fc\u00fcl, \u00f5li l\u00f5uendil.<\/p>\n<p>M\u00f5\u00f5dud: 82 x 100 cm<\/p>\n<p>All paremal: J. ELKEN<br \/>\nP\u00f6\u00f6rdel: \u201cBLUES \/TAXI ZUM KLO\u201c 82 x 100 cm akr\u00fc\u00fcl, \u00f5li\/l 1996-1997 JAAN ELKEN S.1954<\/p>\n<p>Jaan Elken (s. 1954) tegi 1990. aastatel oma loomingus radikaalse kannap\u00f6\u00f6rde, siirdudes h\u00fcperrealistlikust \u00e4ratuntavast urbanistlikust motiivist abstraktsionismi ja keskkonna \u00fcldistavasse t\u00f5lgendusse. Elkenit hakkavad siis eriliselt k\u00f6itma graffitid ning neid integreerib ta oma erksav\u00e4rvilistesse abstraktsetesse kompositsioonidesse n\u00fc\u00fcd orgaaniliselt sisse, j\u00e4\u00e4dvustades linnalist \u2013 ennek\u00f5ike eeslinnalist ehk k\u00e4esoleval juhul Lasnam\u00e4e \u2013 anarhistlikku milj\u00f6\u00f6d.<\/p>\n<p>R\u00f5\u00f5msav\u00e4rviline maal \u201cBlues Taxi zum Klo\u201d sisaldab ka tekstilist viidet kuulsale Berliini dokumentaalfilmile \u201cTaxi zum Klo\u201d (1981), kusjuures sinised v\u00e4rvilaigud assotsieeruvad maali pealkirja kontekstis terminiga \u201cblue movies\u201d. Teose visuaalne kujundikeel kannab s\u00fcmbolistlikku s\u00f5numit 1990. aastate uue seksuaalmoraali tulekust Eesti \u00fchiskonda.<\/p>\n","protected":false},"featured_media":27127,"template":"","meta":{"_acf_changed":false},"product_brand":[],"product_cat":[415,59,93,96],"product_tag":[60],"class_list":{"0":"post-30220","1":"product","2":"type-product","3":"status-publish","4":"has-post-thumbnail","6":"product_cat-maal","7":"product_cat-e-pood","8":"product_cat-segatehnika","9":"product_cat-akruul","10":"product_tag-e-pood","12":"first","13":"instock","14":"sold-individually","15":"shipping-taxable","16":"purchasable","17":"product-type-simple"},"acf":[],"_links":{"self":[{"href":"https:\/\/alleegalerii.ee\/en\/wp-json\/wp\/v2\/product\/30220","targetHints":{"allow":["GET"]}}],"collection":[{"href":"https:\/\/alleegalerii.ee\/en\/wp-json\/wp\/v2\/product"}],"about":[{"href":"https:\/\/alleegalerii.ee\/en\/wp-json\/wp\/v2\/types\/product"}],"wp:featuredmedia":[{"embeddable":true,"href":"https:\/\/alleegalerii.ee\/en\/wp-json\/wp\/v2\/media\/27127"}],"wp:attachment":[{"href":"https:\/\/alleegalerii.ee\/en\/wp-json\/wp\/v2\/media?parent=30220"}],"wp:term":[{"taxonomy":"product_brand","embeddable":true,"href":"https:\/\/alleegalerii.ee\/en\/wp-json\/wp\/v2\/product_brand?post=30220"},{"taxonomy":"product_cat","embeddable":true,"href":"https:\/\/alleegalerii.ee\/en\/wp-json\/wp\/v2\/product_cat?post=30220"},{"taxonomy":"product_tag","embeddable":true,"href":"https:\/\/alleegalerii.ee\/en\/wp-json\/wp\/v2\/product_tag?post=30220"}],"curies":[{"name":"wp","href":"https:\/\/api.w.org\/{rel}","templated":true}]}}