{"id":30217,"date":"2025-01-14T13:22:02","date_gmt":"2025-01-14T11:22:02","guid":{"rendered":"https:\/\/alleegalerii.ee\/?post_type=product&#038;p=30217"},"modified":"2025-01-15T00:11:04","modified_gmt":"2025-01-14T22:11:04","slug":"varmo-pirk-maastiku-etuud-saaremaalt","status":"publish","type":"product","link":"https:\/\/alleegalerii.ee\/en\/shop\/varmo-pirk-maastiku-etuud-saaremaalt\/","title":{"rendered":"Varmo Pirk &#8220;Maastiku et\u00fc\u00fcd Saaremaalt&#8221;, 1971"},"content":{"rendered":"","protected":false},"excerpt":{"rendered":"<div class=\"wpb_wrapper is_stuck\">\n<div class=\"wpb_text_column wpb_content_element\">\n<div class=\"wpb_wrapper\">\n<p>\u00d5li papil. 1971.<\/p>\n<p>M\u00f5\u00f5dud: 33 x 48 cm.<\/p>\n<p>All vasakul: VP 971<br \/>\nP\u00f6\u00f6rdel all vasakul: Varmo Pirk 1913 &#8220;Maastiku et\u00fc\u00fcd Saaremaalt&#8221; 1971. \u00f5li-papp. 33 x 48<\/p>\n<p>Pallaslase Varmo Pirgi (1913-1980) k\u00e4sitlus Saaremaast on t\u00e4nu oma mahedale sinakale alatoonile n\u00e4gemuslik, isegi muinasjutuline \u2013 sarnast joont v\u00f5ib leida n\u00e4iteks Ants Murakini loomingust. L\u00e4bi teatud vormistiliseeringu ning mahedate \u00fcleminekutega valgusk\u00e4sitluse viib Pirk vaataja muinasjutuliselt arhailisse maailma, kus iidsed kadakad hakkavad m\u00f6\u00f6dunud p\u00f5lvede lugusid jutustama ning veskitiivad tuules ringi k\u00e4ima.<\/p>\n<\/div>\n<\/div>\n<\/div>\n","protected":false},"featured_media":11151,"template":"","meta":{"_acf_changed":false},"product_brand":[],"product_cat":[415,56,59],"product_tag":[],"class_list":{"0":"post-30217","1":"product","2":"type-product","3":"status-publish","4":"has-post-thumbnail","6":"product_cat-maal","7":"product_cat-olimaal","8":"product_cat-e-pood","10":"first","11":"instock","12":"shipping-taxable","13":"purchasable","14":"product-type-simple"},"acf":[],"_links":{"self":[{"href":"https:\/\/alleegalerii.ee\/en\/wp-json\/wp\/v2\/product\/30217","targetHints":{"allow":["GET"]}}],"collection":[{"href":"https:\/\/alleegalerii.ee\/en\/wp-json\/wp\/v2\/product"}],"about":[{"href":"https:\/\/alleegalerii.ee\/en\/wp-json\/wp\/v2\/types\/product"}],"wp:featuredmedia":[{"embeddable":true,"href":"https:\/\/alleegalerii.ee\/en\/wp-json\/wp\/v2\/media\/11151"}],"wp:attachment":[{"href":"https:\/\/alleegalerii.ee\/en\/wp-json\/wp\/v2\/media?parent=30217"}],"wp:term":[{"taxonomy":"product_brand","embeddable":true,"href":"https:\/\/alleegalerii.ee\/en\/wp-json\/wp\/v2\/product_brand?post=30217"},{"taxonomy":"product_cat","embeddable":true,"href":"https:\/\/alleegalerii.ee\/en\/wp-json\/wp\/v2\/product_cat?post=30217"},{"taxonomy":"product_tag","embeddable":true,"href":"https:\/\/alleegalerii.ee\/en\/wp-json\/wp\/v2\/product_tag?post=30217"}],"curies":[{"name":"wp","href":"https:\/\/api.w.org\/{rel}","templated":true}]}}