{"id":30184,"date":"2025-01-06T18:14:31","date_gmt":"2025-01-06T16:14:31","guid":{"rendered":"https:\/\/alleegalerii.ee\/?post_type=product&#038;p=30184"},"modified":"2025-05-22T10:06:31","modified_gmt":"2025-05-22T07:06:31","slug":"juss-piho-taiskuu","status":"publish","type":"product","link":"https:\/\/alleegalerii.ee\/en\/shop\/juss-piho-taiskuu\/","title":{"rendered":"Juss Piho &#8220;T\u00e4iskuu ja maja&#8221;, 2024"},"content":{"rendered":"","protected":false},"excerpt":{"rendered":"<p>\u00d5li l\u00f5uendil. 2024<\/p>\n<p>40 x 50 cm.<\/p>\n<p><span style=\"font-weight: 400;\">P\u00f6\u00f6rdel: JUSS PIHO \u201cT\u00c4ISKUU JA MAJA\u201d 40&#215;50 cm.<\/span><span style=\"font-weight: 400;\">\u00a02024<\/span><\/p>\n<p>Juss Piho (s 1963) on Eesti Kunstnike Liidu liige ning mitmekordne Konrad M\u00e4e preemia nominent.<\/p>\n","protected":false},"featured_media":30185,"template":"","meta":{"_acf_changed":false},"product_brand":[],"product_cat":[415,56,57,59],"product_tag":[],"class_list":{"0":"post-30184","1":"product","2":"type-product","3":"status-publish","4":"has-post-thumbnail","6":"product_cat-maal","7":"product_cat-olimaal","8":"product_cat-muudud","9":"product_cat-e-pood","11":"first","12":"outofstock","13":"sold-individually","14":"shipping-taxable","15":"purchasable","16":"product-type-simple"},"acf":[],"_links":{"self":[{"href":"https:\/\/alleegalerii.ee\/en\/wp-json\/wp\/v2\/product\/30184","targetHints":{"allow":["GET"]}}],"collection":[{"href":"https:\/\/alleegalerii.ee\/en\/wp-json\/wp\/v2\/product"}],"about":[{"href":"https:\/\/alleegalerii.ee\/en\/wp-json\/wp\/v2\/types\/product"}],"wp:featuredmedia":[{"embeddable":true,"href":"https:\/\/alleegalerii.ee\/en\/wp-json\/wp\/v2\/media\/30185"}],"wp:attachment":[{"href":"https:\/\/alleegalerii.ee\/en\/wp-json\/wp\/v2\/media?parent=30184"}],"wp:term":[{"taxonomy":"product_brand","embeddable":true,"href":"https:\/\/alleegalerii.ee\/en\/wp-json\/wp\/v2\/product_brand?post=30184"},{"taxonomy":"product_cat","embeddable":true,"href":"https:\/\/alleegalerii.ee\/en\/wp-json\/wp\/v2\/product_cat?post=30184"},{"taxonomy":"product_tag","embeddable":true,"href":"https:\/\/alleegalerii.ee\/en\/wp-json\/wp\/v2\/product_tag?post=30184"}],"curies":[{"name":"wp","href":"https:\/\/api.w.org\/{rel}","templated":true}]}}