{"id":30174,"date":"2025-01-06T17:11:29","date_gmt":"2025-01-06T15:11:29","guid":{"rendered":"https:\/\/alleegalerii.ee\/?post_type=product&#038;p=30174"},"modified":"2025-01-11T12:11:17","modified_gmt":"2025-01-11T10:11:17","slug":"juss-piho-taim-raamis","status":"publish","type":"product","link":"https:\/\/alleegalerii.ee\/en\/shop\/juss-piho-taim-raamis\/","title":{"rendered":"Juss Piho &#8220;Kuubis&#8221;, 2023"},"content":{"rendered":"","protected":false},"excerpt":{"rendered":"<p>\u00d5li l\u00f5uendil. 2023<\/p>\n<p>70 x 50 cm.<\/p>\n<p><span style=\"font-weight: 400;\">All paremal: PIHO<br \/>\nP\u00f6\u00f6rdel: JUSS PIHO \u201cKUUBIS\u201d \u00d5LI, L\u00d5UEND<\/span><span style=\"font-weight: 400;\"> 80&#215;50 cm. 2023<\/span><\/p>\n<p>Juss Piho (s 1963) loodud jutustustes valitseb absurd, iroonia, huumor ja mitmem\u00f5ttelisus ja nii toimivad nad omamoodi <em>&#8220;brain teaserina&#8221;<\/em>, mil hakkame n\u00e4gema kastist v\u00e4lja lahendusi ka iseenda \u00fcmbruses.<\/p>\n","protected":false},"featured_media":30175,"template":"","meta":{"_acf_changed":false},"product_brand":[],"product_cat":[415,56,59],"product_tag":[],"class_list":{"0":"post-30174","1":"product","2":"type-product","3":"status-publish","4":"has-post-thumbnail","6":"product_cat-maal","7":"product_cat-olimaal","8":"product_cat-e-pood","10":"first","11":"instock","12":"sold-individually","13":"shipping-taxable","14":"purchasable","15":"product-type-simple"},"acf":[],"_links":{"self":[{"href":"https:\/\/alleegalerii.ee\/en\/wp-json\/wp\/v2\/product\/30174","targetHints":{"allow":["GET"]}}],"collection":[{"href":"https:\/\/alleegalerii.ee\/en\/wp-json\/wp\/v2\/product"}],"about":[{"href":"https:\/\/alleegalerii.ee\/en\/wp-json\/wp\/v2\/types\/product"}],"wp:featuredmedia":[{"embeddable":true,"href":"https:\/\/alleegalerii.ee\/en\/wp-json\/wp\/v2\/media\/30175"}],"wp:attachment":[{"href":"https:\/\/alleegalerii.ee\/en\/wp-json\/wp\/v2\/media?parent=30174"}],"wp:term":[{"taxonomy":"product_brand","embeddable":true,"href":"https:\/\/alleegalerii.ee\/en\/wp-json\/wp\/v2\/product_brand?post=30174"},{"taxonomy":"product_cat","embeddable":true,"href":"https:\/\/alleegalerii.ee\/en\/wp-json\/wp\/v2\/product_cat?post=30174"},{"taxonomy":"product_tag","embeddable":true,"href":"https:\/\/alleegalerii.ee\/en\/wp-json\/wp\/v2\/product_tag?post=30174"}],"curies":[{"name":"wp","href":"https:\/\/api.w.org\/{rel}","templated":true}]}}