{"id":30110,"date":"2024-12-17T12:55:29","date_gmt":"2024-12-17T10:55:29","guid":{"rendered":"https:\/\/alleegalerii.ee\/?post_type=product&#038;p=30110"},"modified":"2024-12-17T13:02:24","modified_gmt":"2024-12-17T11:02:24","slug":"meiu-munt-pihik-2003","status":"publish","type":"product","link":"https:\/\/alleegalerii.ee\/en\/shop\/meiu-munt-pihik-2003\/","title":{"rendered":"Meiu M\u00fcnt &#8220;Pihik&#8221;, 2003"},"content":{"rendered":"","protected":false},"excerpt":{"rendered":"<p>\u00d5li l\u00f5uendil.<\/p>\n<p>M\u00f5\u00f5dud: 55 x 50 cm.<\/p>\n<p>All paremal: Meiu M\u00fcnt 2003<br \/>\nP\u00f6\u00f6rdel: Meiu M\u00fcnt \u201cPihik\u201c 2003 (\u00f5li, l\u00f5uend)<\/p>\n<p>Meiu M\u00fcndi loomingusse ilmusid kleidid 2000. aastate alguses, algul taustaobjektidena, seej\u00e4rel juba eraldiseisvate portreedena. Kunstnik ise selgitab teemani j\u00f5udmist nii: \u201cEhk on selle balletikleidi teema juured minu lapsep\u00f5lves, esimesest neljanda klassini k\u00e4isin balletiringis ja unistasin muidugi baleriiniks saamisest. Esinesime kooli kevadpidudel ja isegi Vanemuise laval. \u00dchel korral kandsime kohevaks t\u00e4rgeldatud valgest marlist balletikleidikesi \u2013 see on nii meeles, et peaaegu v\u00f5in praegugi tunda s\u00f5rmede vahel seda j\u00e4ika seelikuosa. See on keham\u00e4lu, kui f\u00fc\u00fcsiliselt tunned mingeid aistinguid seoses m\u00f5nede m\u00e4lestustega.\u201d (Meiu M\u00fcnt, Peeter Talvistu \u201cMeiu M\u00fcnt. Punane ja must\u201d, 2020, lk 46).<\/p>\n<p>L\u00e4bi pikkade sajandite naiselikkuse r\u00f5hutamise \u00fche p\u00f5hilise riietusesemena kasutatud pihik m\u00f5jub t\u00e4nases kontekstis kui ajalooline artefakt, omamoodi portree aadlidaamide lugudest, armuseiklustest ja hommikusest riietustseremooniast. Ning samaaegselt on see soe ja inimlik austusavaldus naiselikkusele, mida v\u00f5imendab \u00f5rnalt lillelise mustriga taust.<\/p>\n","protected":false},"featured_media":27718,"template":"","meta":{"_acf_changed":false},"product_brand":[],"product_cat":[415,56,59],"product_tag":[60],"class_list":{"0":"post-30110","1":"product","2":"type-product","3":"status-publish","4":"has-post-thumbnail","6":"product_cat-maal","7":"product_cat-olimaal","8":"product_cat-e-pood","9":"product_tag-e-pood","11":"first","12":"instock","13":"sold-individually","14":"shipping-taxable","15":"purchasable","16":"product-type-simple"},"acf":[],"_links":{"self":[{"href":"https:\/\/alleegalerii.ee\/en\/wp-json\/wp\/v2\/product\/30110","targetHints":{"allow":["GET"]}}],"collection":[{"href":"https:\/\/alleegalerii.ee\/en\/wp-json\/wp\/v2\/product"}],"about":[{"href":"https:\/\/alleegalerii.ee\/en\/wp-json\/wp\/v2\/types\/product"}],"wp:featuredmedia":[{"embeddable":true,"href":"https:\/\/alleegalerii.ee\/en\/wp-json\/wp\/v2\/media\/27718"}],"wp:attachment":[{"href":"https:\/\/alleegalerii.ee\/en\/wp-json\/wp\/v2\/media?parent=30110"}],"wp:term":[{"taxonomy":"product_brand","embeddable":true,"href":"https:\/\/alleegalerii.ee\/en\/wp-json\/wp\/v2\/product_brand?post=30110"},{"taxonomy":"product_cat","embeddable":true,"href":"https:\/\/alleegalerii.ee\/en\/wp-json\/wp\/v2\/product_cat?post=30110"},{"taxonomy":"product_tag","embeddable":true,"href":"https:\/\/alleegalerii.ee\/en\/wp-json\/wp\/v2\/product_tag?post=30110"}],"curies":[{"name":"wp","href":"https:\/\/api.w.org\/{rel}","templated":true}]}}