{"id":30100,"date":"2024-12-17T08:31:29","date_gmt":"2024-12-17T06:31:29","guid":{"rendered":"https:\/\/alleegalerii.ee\/?post_type=product&#038;p=30100"},"modified":"2026-01-16T16:29:16","modified_gmt":"2026-01-16T14:29:16","slug":"ilmar-kruusamae-naine-2015","status":"publish","type":"product","link":"https:\/\/alleegalerii.ee\/en\/shop\/ilmar-kruusamae-naine-2015\/","title":{"rendered":"Ilmar Kruusam\u00e4e &#8220;Naine&#8221;, 2015"},"content":{"rendered":"","protected":false},"excerpt":{"rendered":"<p>\u00d5li l\u00f5uend kleebitud papile. Raamitud.<\/p>\n<p>M\u00f5\u00f5dud: 50 x 61 cm, raamiga 50,5 x 61,5 cm.<\/p>\n<p>All: Ilmar Kruusam\u00e4e 9.07.2015<\/p>\n<p>Tartu slaidistide hulka kuuluva Ilmar Kruusam\u00e4e (s. 1957) fotorealistlik looming kuulub olulise osana erinevate eesti kunstimuuseumite varasalve ning tema juhitavast legendaarsest Tartu \u00dclikooli Kunstikabinetist on aga v\u00e4lja kasvanud terve rida eesti kunsti olulisi nimesid.<\/p>\n","protected":false},"featured_media":30101,"template":"","meta":{"_acf_changed":false},"product_brand":[],"product_cat":[415,56,59],"product_tag":[60],"class_list":{"0":"post-30100","1":"product","2":"type-product","3":"status-publish","4":"has-post-thumbnail","6":"product_cat-maal","7":"product_cat-olimaal","8":"product_cat-e-pood","9":"product_tag-e-pood","11":"first","12":"instock","13":"sold-individually","14":"shipping-taxable","15":"purchasable","16":"product-type-simple"},"acf":[],"_links":{"self":[{"href":"https:\/\/alleegalerii.ee\/en\/wp-json\/wp\/v2\/product\/30100","targetHints":{"allow":["GET"]}}],"collection":[{"href":"https:\/\/alleegalerii.ee\/en\/wp-json\/wp\/v2\/product"}],"about":[{"href":"https:\/\/alleegalerii.ee\/en\/wp-json\/wp\/v2\/types\/product"}],"wp:featuredmedia":[{"embeddable":true,"href":"https:\/\/alleegalerii.ee\/en\/wp-json\/wp\/v2\/media\/30101"}],"wp:attachment":[{"href":"https:\/\/alleegalerii.ee\/en\/wp-json\/wp\/v2\/media?parent=30100"}],"wp:term":[{"taxonomy":"product_brand","embeddable":true,"href":"https:\/\/alleegalerii.ee\/en\/wp-json\/wp\/v2\/product_brand?post=30100"},{"taxonomy":"product_cat","embeddable":true,"href":"https:\/\/alleegalerii.ee\/en\/wp-json\/wp\/v2\/product_cat?post=30100"},{"taxonomy":"product_tag","embeddable":true,"href":"https:\/\/alleegalerii.ee\/en\/wp-json\/wp\/v2\/product_tag?post=30100"}],"curies":[{"name":"wp","href":"https:\/\/api.w.org\/{rel}","templated":true}]}}