{"id":30082,"date":"2024-12-14T13:53:59","date_gmt":"2024-12-14T11:53:59","guid":{"rendered":"https:\/\/alleegalerii.ee\/?post_type=product&#038;p=30082"},"modified":"2025-06-19T09:34:45","modified_gmt":"2025-06-19T06:34:45","slug":"nigul-espe-ohtupoolik-jarve-aares-1954","status":"publish","type":"product","link":"https:\/\/alleegalerii.ee\/en\/shop\/nigul-espe-ohtupoolik-jarve-aares-1954\/","title":{"rendered":"Nigul Espe &#8220;\u00d5htukumas koduj\u00e4rv&#8221;, 1954"},"content":{"rendered":"","protected":false},"excerpt":{"rendered":"<p>\u00d5li kartongil. Raamitud.<\/p>\n<p>M\u00f5\u00f5dud: 27 x 34,5 cm, raamiga 40,5 x 48,5 cm.<\/p>\n<p>All paremal: Nigul Espe 1954<\/p>\n<p>Nigul Espe (1907-1970) loomingulised motiivid olid otseselt seotud tema enda eluga, mis sidusid teda eelk\u00f5ige kahe linnaga, P\u00e4rnu ja Tartuga. S\u00fcndinud k\u00fcll Riias, kolisid nad perega poisi 8-aastaseks saades Sindi alevikku, kus m\u00f6\u00f6dus tema lapsep\u00f5lv. Hiljem Tartusse Pallasesse \u00f5ppima asunud Espe seadiski end just sinna peale kooli l\u00f5ppu sisse, kus muuhulgas asus pidama kultuurirahva \u00fcht lemmikkohvikut nimega \u201cKo-Ko-Ko\u201d.<\/p>\n<p>Ka k\u00e4esolev, \u00f5htukuma soojade toonidega v\u00f5luv maal on suure t\u00f5en\u00e4osusega maalitud kuskil P\u00e4rnu ja Tartu \u00fcmbruses v\u00f5i nende vahelisel alal.<\/p>\n","protected":false},"featured_media":30092,"template":"","meta":{"_acf_changed":false},"product_brand":[],"product_cat":[415,56,57,59],"product_tag":[60],"class_list":{"0":"post-30082","1":"product","2":"type-product","3":"status-publish","4":"has-post-thumbnail","6":"product_cat-maal","7":"product_cat-olimaal","8":"product_cat-muudud","9":"product_cat-e-pood","10":"product_tag-e-pood","12":"first","13":"outofstock","14":"sold-individually","15":"shipping-taxable","16":"purchasable","17":"product-type-simple"},"acf":[],"_links":{"self":[{"href":"https:\/\/alleegalerii.ee\/en\/wp-json\/wp\/v2\/product\/30082","targetHints":{"allow":["GET"]}}],"collection":[{"href":"https:\/\/alleegalerii.ee\/en\/wp-json\/wp\/v2\/product"}],"about":[{"href":"https:\/\/alleegalerii.ee\/en\/wp-json\/wp\/v2\/types\/product"}],"wp:featuredmedia":[{"embeddable":true,"href":"https:\/\/alleegalerii.ee\/en\/wp-json\/wp\/v2\/media\/30092"}],"wp:attachment":[{"href":"https:\/\/alleegalerii.ee\/en\/wp-json\/wp\/v2\/media?parent=30082"}],"wp:term":[{"taxonomy":"product_brand","embeddable":true,"href":"https:\/\/alleegalerii.ee\/en\/wp-json\/wp\/v2\/product_brand?post=30082"},{"taxonomy":"product_cat","embeddable":true,"href":"https:\/\/alleegalerii.ee\/en\/wp-json\/wp\/v2\/product_cat?post=30082"},{"taxonomy":"product_tag","embeddable":true,"href":"https:\/\/alleegalerii.ee\/en\/wp-json\/wp\/v2\/product_tag?post=30082"}],"curies":[{"name":"wp","href":"https:\/\/api.w.org\/{rel}","templated":true}]}}