{"id":30074,"date":"2024-12-17T08:25:12","date_gmt":"2024-12-17T06:25:12","guid":{"rendered":"https:\/\/alleegalerii.ee\/?post_type=product&#038;p=30074"},"modified":"2026-04-17T19:18:38","modified_gmt":"2026-04-17T16:18:38","slug":"osvald-laane-vaikelu-kirglike-sugisoitega-1961","status":"publish","type":"product","link":"https:\/\/alleegalerii.ee\/en\/shop\/osvald-laane-vaikelu-kirglike-sugisoitega-1961\/","title":{"rendered":"Osvald L\u00e4\u00e4ne &#8220;Vaikelu kirglike s\u00fcgis\u00f5itega&#8221;, 1961"},"content":{"rendered":"","protected":false},"excerpt":{"rendered":"<p>\u00d5li kartongil. Raamitud.<\/p>\n<p>M\u00f5\u00f5dud: 46 x 37 cm, raamiga 59 x 50,5 cm.<\/p>\n<p>\u00dcleval paremal: OL 1961<\/p>\n<p>Osvald L\u00e4\u00e4ne (1913-1990) soov kunsti \u00f5ppida oli suur, kuid tema esimene Pallase-periood j\u00e4i siiski l\u00fchikeseks, kuna rahalistel p\u00f5hjustel ei \u00f5nnestunud noormehel j\u00e4tkata. Sihikindla kunstihingena hiljem uuesti samasse kooli astudes oli tema areng juba niiv\u00f5rd kiire, et suutis programmi etten\u00e4htust poole kiiremini l\u00e4bida.<\/p>\n","protected":false},"featured_media":30078,"template":"","meta":{"_acf_changed":false},"product_brand":[],"product_cat":[415,56,57,59],"product_tag":[60],"class_list":{"0":"post-30074","1":"product","2":"type-product","3":"status-publish","4":"has-post-thumbnail","6":"product_cat-maal","7":"product_cat-olimaal","8":"product_cat-muudud","9":"product_cat-e-pood","10":"product_tag-e-pood","12":"first","13":"outofstock","14":"sold-individually","15":"shipping-taxable","16":"purchasable","17":"product-type-simple"},"acf":[],"_links":{"self":[{"href":"https:\/\/alleegalerii.ee\/en\/wp-json\/wp\/v2\/product\/30074","targetHints":{"allow":["GET"]}}],"collection":[{"href":"https:\/\/alleegalerii.ee\/en\/wp-json\/wp\/v2\/product"}],"about":[{"href":"https:\/\/alleegalerii.ee\/en\/wp-json\/wp\/v2\/types\/product"}],"wp:featuredmedia":[{"embeddable":true,"href":"https:\/\/alleegalerii.ee\/en\/wp-json\/wp\/v2\/media\/30078"}],"wp:attachment":[{"href":"https:\/\/alleegalerii.ee\/en\/wp-json\/wp\/v2\/media?parent=30074"}],"wp:term":[{"taxonomy":"product_brand","embeddable":true,"href":"https:\/\/alleegalerii.ee\/en\/wp-json\/wp\/v2\/product_brand?post=30074"},{"taxonomy":"product_cat","embeddable":true,"href":"https:\/\/alleegalerii.ee\/en\/wp-json\/wp\/v2\/product_cat?post=30074"},{"taxonomy":"product_tag","embeddable":true,"href":"https:\/\/alleegalerii.ee\/en\/wp-json\/wp\/v2\/product_tag?post=30074"}],"curies":[{"name":"wp","href":"https:\/\/api.w.org\/{rel}","templated":true}]}}