{"id":30069,"date":"2024-12-14T12:04:26","date_gmt":"2024-12-14T10:04:26","guid":{"rendered":"https:\/\/alleegalerii.ee\/?post_type=product&#038;p=30069"},"modified":"2026-01-14T17:11:41","modified_gmt":"2026-01-14T15:11:41","slug":"elisabeth-kurre-otepaa","status":"publish","type":"product","link":"https:\/\/alleegalerii.ee\/en\/shop\/elisabeth-kurre-otepaa\/","title":{"rendered":"Elisabeth Kurre \u201cOtep\u00e4\u00e4\u201d"},"content":{"rendered":"","protected":false},"excerpt":{"rendered":"<p><span style=\"font-weight: 400;\">M\u00dc\u00dcDUD.<\/span><\/p>\n<p><span style=\"font-weight: 400;\">Segatehnika kartongil. Raamitud.<\/span><\/p>\n<p><span style=\"font-weight: 400;\">M\u00f5\u00f5dud: 49 x 69 cm, raamiga 54 x 74 cm.<\/span><\/p>\n<p><span style=\"font-weight: 400;\">P\u00f5lvamaalt Rasinalt p\u00e4rit Elisabeth Kurre \u00f5ppis Pallases Triigi, Vardi ja Liimandi k\u00e4e all. Peale Tartu K\u00f5rgema Kujutava Kunsti kursuste l\u00f5petamist 1943. aastal esines kunstnik j\u00e4rjekindlalt Tartu n\u00e4itustel, paistes silma akti-, portree-, nat\u00fc\u00fcrmordi- ja lillemaalijana. Kurre oli \u00fcks neist kunstnikest, kes hoolimata suurep\u00e4rastest tulemustest t\u00f5ugati n\u00f5ukogude liidu karmi kunstipoliitika t\u00f5ttu kunstielust k\u00f5rvale, visati v\u00e4lja Kunstnike Liidust ja v\u00f5eti sinna tagasi alles 1960-ndail, mil riiklikud meetmed leevenesid.<\/span><\/p>\n","protected":false},"featured_media":30070,"template":"","meta":{"_acf_changed":false},"product_brand":[],"product_cat":[415,57,59,93],"product_tag":[60],"class_list":{"0":"post-30069","1":"product","2":"type-product","3":"status-publish","4":"has-post-thumbnail","6":"product_cat-maal","7":"product_cat-muudud","8":"product_cat-e-pood","9":"product_cat-segatehnika","10":"product_tag-e-pood","12":"first","13":"outofstock","14":"sold-individually","15":"shipping-taxable","16":"purchasable","17":"product-type-simple"},"acf":[],"_links":{"self":[{"href":"https:\/\/alleegalerii.ee\/en\/wp-json\/wp\/v2\/product\/30069","targetHints":{"allow":["GET"]}}],"collection":[{"href":"https:\/\/alleegalerii.ee\/en\/wp-json\/wp\/v2\/product"}],"about":[{"href":"https:\/\/alleegalerii.ee\/en\/wp-json\/wp\/v2\/types\/product"}],"wp:featuredmedia":[{"embeddable":true,"href":"https:\/\/alleegalerii.ee\/en\/wp-json\/wp\/v2\/media\/30070"}],"wp:attachment":[{"href":"https:\/\/alleegalerii.ee\/en\/wp-json\/wp\/v2\/media?parent=30069"}],"wp:term":[{"taxonomy":"product_brand","embeddable":true,"href":"https:\/\/alleegalerii.ee\/en\/wp-json\/wp\/v2\/product_brand?post=30069"},{"taxonomy":"product_cat","embeddable":true,"href":"https:\/\/alleegalerii.ee\/en\/wp-json\/wp\/v2\/product_cat?post=30069"},{"taxonomy":"product_tag","embeddable":true,"href":"https:\/\/alleegalerii.ee\/en\/wp-json\/wp\/v2\/product_tag?post=30069"}],"curies":[{"name":"wp","href":"https:\/\/api.w.org\/{rel}","templated":true}]}}