{"id":30061,"date":"2024-12-11T15:16:26","date_gmt":"2024-12-11T13:16:26","guid":{"rendered":"https:\/\/alleegalerii.ee\/?post_type=product&#038;p=30061"},"modified":"2025-07-15T23:37:45","modified_gmt":"2025-07-15T20:37:45","slug":"peeter-must-puhapaev-2024","status":"publish","type":"product","link":"https:\/\/alleegalerii.ee\/en\/shop\/peeter-must-puhapaev-2024\/","title":{"rendered":"Peeter Must &#8220;P\u00fchap\u00e4ev&#8221;, 2024"},"content":{"rendered":"","protected":false},"excerpt":{"rendered":"<p>M\u00dc\u00dcDUD<\/p>\n<p>\u00d5li l\u00f5uendil. Raamitud.<\/p>\n<p>M\u00f5\u00f5dud: 90 x 90 cm.<\/p>\n<p>All paremal: Must 2024<br \/>\nP\u00f6\u00f6rdel: \u201cP\u00dcHAP\u00c4EV\u201c 90\u00d790 cm \u00d5LI, L\u00d5UEND 2023 A. P. Must<\/p>\n<p>Kergelt impressionistlikus maalilaadis uusfotorealismi nimekamaid esindajaid Peeter Must (s 1967) on teinud endale viimastel aastatel nime nii maastiku- kui aktimaalijana. Akti maalides huvitab teda ennek\u00f5ike tundev\u00e4ljendus ja kehakeel, mitte niiv\u00f5rd modelli portree. Seet\u00f5ttu on Musta muusad anon\u00fc\u00fcmsed ning oma \u00f5rnuses eksisteerivad justkui kuskil unen\u00e4omaailma ja reaalsuse vahel samaaegselt.<\/p>\n<p>Maalis \u201cP\u00fchap\u00e4ev\u201d on kesksel kohal ilmselt \u00e4sja \u00e4rganud noore naise kuju, kes aknast vaadates n\u00e4eb kaunist eredas p\u00e4ikses maastikuvaadet. Laisk p\u00fchap\u00e4evane meeleolu on maalil valdav seostudes m\u00e4rks\u00f5nadega naudinguga sissemagamine ja taamal t\u00f5mbava v\u00e4rske kohvi l\u00f5hn.<\/p>\n","protected":false},"featured_media":27809,"template":"","meta":{"_acf_changed":false},"product_brand":[],"product_cat":[415,56,57,59],"product_tag":[60],"class_list":{"0":"post-30061","1":"product","2":"type-product","3":"status-publish","4":"has-post-thumbnail","6":"product_cat-maal","7":"product_cat-olimaal","8":"product_cat-muudud","9":"product_cat-e-pood","10":"product_tag-e-pood","12":"first","13":"outofstock","14":"sold-individually","15":"shipping-taxable","16":"purchasable","17":"product-type-simple"},"acf":[],"_links":{"self":[{"href":"https:\/\/alleegalerii.ee\/en\/wp-json\/wp\/v2\/product\/30061","targetHints":{"allow":["GET"]}}],"collection":[{"href":"https:\/\/alleegalerii.ee\/en\/wp-json\/wp\/v2\/product"}],"about":[{"href":"https:\/\/alleegalerii.ee\/en\/wp-json\/wp\/v2\/types\/product"}],"wp:featuredmedia":[{"embeddable":true,"href":"https:\/\/alleegalerii.ee\/en\/wp-json\/wp\/v2\/media\/27809"}],"wp:attachment":[{"href":"https:\/\/alleegalerii.ee\/en\/wp-json\/wp\/v2\/media?parent=30061"}],"wp:term":[{"taxonomy":"product_brand","embeddable":true,"href":"https:\/\/alleegalerii.ee\/en\/wp-json\/wp\/v2\/product_brand?post=30061"},{"taxonomy":"product_cat","embeddable":true,"href":"https:\/\/alleegalerii.ee\/en\/wp-json\/wp\/v2\/product_cat?post=30061"},{"taxonomy":"product_tag","embeddable":true,"href":"https:\/\/alleegalerii.ee\/en\/wp-json\/wp\/v2\/product_tag?post=30061"}],"curies":[{"name":"wp","href":"https:\/\/api.w.org\/{rel}","templated":true}]}}