{"id":30055,"date":"2024-12-11T14:21:55","date_gmt":"2024-12-11T12:21:55","guid":{"rendered":"https:\/\/alleegalerii.ee\/?post_type=product&#038;p=30055"},"modified":"2025-01-28T13:09:54","modified_gmt":"2025-01-28T11:09:54","slug":"laurentsius-vaikelu-puuvilja-ja-okstega-2024-3","status":"publish","type":"product","link":"https:\/\/alleegalerii.ee\/en\/shop\/laurentsius-vaikelu-puuvilja-ja-okstega-2024-3\/","title":{"rendered":"Laurentsius &#8220;Vaikelu puuvilja ja okstega 6&#8221;, 2024"},"content":{"rendered":"","protected":false},"excerpt":{"rendered":"<p>M\u00dc\u00dcDUD.<\/p>\n<p>Akr\u00fc\u00fcl vineeril. Raamitud.<\/p>\n<p>M\u00f5\u00f5dud: 30 x 30 cm.<\/p>\n<p><span style=\"font-weight: 400;\">All \u00e4\u00e4res: LAURENTSIUS &amp; Co. 2024<br \/>\n<\/span><span style=\"font-weight: 400;\">P\u00f6\u00f6rdel: LAURENTSIUS &amp; Co. \u201cVAIKELU PUUVILJA JA OKSTEGA 6\u201d <\/span><span style=\"font-weight: 400;\">2024 AKR\u00dc\u00dcL HDF-IL 30 x 30 cm<\/span><\/p>\n<p>Laurentsiuse (s 1969) Allee galerii n\u00e4itusel &#8220;Maastik siit ja sealt&#8221; eksponeeritud teosel toob kunstnik vaatajani fantaasiavilja, millele lisab maise n\u00fcansi selle ette paigutatud minimalistlik oksaraag.<\/p>\n<p>N\u00e4ituse kuraator Harry Liivrand kirjutab tema fruktide sarja kuuluvast teostest, et suure kujutusliku t\u00e4psusega maalitud vilja raskus on neil lausa f\u00fc\u00fcsiliselt tunnetatav, tekib visuaalne mulje, et kohe-kohe veereb vili \u00fcle raami \u00e4\u00e4re kunstisaali. Samas lisab oks pildiruumi omakorda kergust ja kummastavust, kolmem\u00f5\u00f5tmelisust ning lisab l\u00f5petuseks: &#8220;Salvador Dali irratsionaalsed ja Bottero satiirilised maalid on Laurentsiuse vaimusugulased.&#8221;<\/p>\n<p>&nbsp;<\/p>\n","protected":false},"featured_media":30056,"template":"","meta":{"_acf_changed":false},"product_brand":[],"product_cat":[415,59,96],"product_tag":[60],"class_list":{"0":"post-30055","1":"product","2":"type-product","3":"status-publish","4":"has-post-thumbnail","6":"product_cat-maal","7":"product_cat-e-pood","8":"product_cat-akruul","9":"product_tag-e-pood","11":"first","12":"outofstock","13":"sold-individually","14":"shipping-taxable","15":"product-type-simple"},"acf":[],"_links":{"self":[{"href":"https:\/\/alleegalerii.ee\/en\/wp-json\/wp\/v2\/product\/30055","targetHints":{"allow":["GET"]}}],"collection":[{"href":"https:\/\/alleegalerii.ee\/en\/wp-json\/wp\/v2\/product"}],"about":[{"href":"https:\/\/alleegalerii.ee\/en\/wp-json\/wp\/v2\/types\/product"}],"wp:featuredmedia":[{"embeddable":true,"href":"https:\/\/alleegalerii.ee\/en\/wp-json\/wp\/v2\/media\/30056"}],"wp:attachment":[{"href":"https:\/\/alleegalerii.ee\/en\/wp-json\/wp\/v2\/media?parent=30055"}],"wp:term":[{"taxonomy":"product_brand","embeddable":true,"href":"https:\/\/alleegalerii.ee\/en\/wp-json\/wp\/v2\/product_brand?post=30055"},{"taxonomy":"product_cat","embeddable":true,"href":"https:\/\/alleegalerii.ee\/en\/wp-json\/wp\/v2\/product_cat?post=30055"},{"taxonomy":"product_tag","embeddable":true,"href":"https:\/\/alleegalerii.ee\/en\/wp-json\/wp\/v2\/product_tag?post=30055"}],"curies":[{"name":"wp","href":"https:\/\/api.w.org\/{rel}","templated":true}]}}