{"id":30037,"date":"2024-12-11T14:05:30","date_gmt":"2024-12-11T12:05:30","guid":{"rendered":"https:\/\/alleegalerii.ee\/?post_type=product&#038;p=30037"},"modified":"2025-02-19T23:23:54","modified_gmt":"2025-02-19T21:23:54","slug":"laurentsius-maastik-lumemehega-24-12-2024","status":"publish","type":"product","link":"https:\/\/alleegalerii.ee\/en\/shop\/laurentsius-maastik-lumemehega-24-12-2024\/","title":{"rendered":"Laurentsius &#8220;Maastik lumemehega 24 -12&#8221;, 2023\/2024"},"content":{"rendered":"","protected":false},"excerpt":{"rendered":"<p>Akr\u00fc\u00fcl l\u00f5uendil.<\/p>\n<p>M\u00f5\u00f5dud: 60 x 48 cm.<\/p>\n<p>Laurentsiuse Allee galeriis 10.12.2024 &#8211; 22.01.2025 toimuval n\u00e4itusel &#8220;Maastik see ja teine&#8221;\u00a0 eksponeeritud teos kuulub tema lumemeeste sarja. Kolmest pallist koosnevaid figuurid ilmusid kunstniku loomingusse 2016. aastal, kuid esmakordselt j\u00f5udsid need publikuni 2022. aastal.<\/p>\n<p>N\u00e4ituse kuraator Harry Liivrand kirjutab: &#8220;Kui varem maalis Laurentsius nn suletud maastikke, mida m\u00f5lemalt kompositsiooni k\u00fcljelt piirasid puud, siis uutel t\u00f6\u00f6del, nn maastike kolmandal tulemisel, n\u00e4eb vaid taevast, merd, maad ja teravalt r\u00f5hutatud silmapiiri. Meenutades jaantoomikulike s\u00fcgismaastike eleegilisust, elavdab Laurentsius lihtsa motiivi d\u00fcnaamilise lumemehe kujundiga. Kolmest kerast koosnevad lumemehed paistavad l\u00e4bi nagu Hieronymus Boschi veidrad olendid. Domineerivaid akvarellilikult l\u00e4bipaistvaid v\u00e4rvipindu t\u00e4iendavad paksemad, pastoossed osad ja eredad aktsendid&#8221;.<\/p>\n<p>Teosega saab tutvuda Allee Uus tn 7 galeriis kuni 22. jaanuarini.<\/p>\n<p>&nbsp;<\/p>\n<p>&nbsp;<\/p>\n","protected":false},"featured_media":30038,"template":"","meta":{"_acf_changed":false},"product_brand":[],"product_cat":[415,57,59,96],"product_tag":[60],"class_list":{"0":"post-30037","1":"product","2":"type-product","3":"status-publish","4":"has-post-thumbnail","6":"product_cat-maal","7":"product_cat-muudud","8":"product_cat-e-pood","9":"product_cat-akruul","10":"product_tag-e-pood","12":"first","13":"outofstock","14":"sold-individually","15":"shipping-taxable","16":"purchasable","17":"product-type-simple"},"acf":[],"_links":{"self":[{"href":"https:\/\/alleegalerii.ee\/en\/wp-json\/wp\/v2\/product\/30037","targetHints":{"allow":["GET"]}}],"collection":[{"href":"https:\/\/alleegalerii.ee\/en\/wp-json\/wp\/v2\/product"}],"about":[{"href":"https:\/\/alleegalerii.ee\/en\/wp-json\/wp\/v2\/types\/product"}],"wp:featuredmedia":[{"embeddable":true,"href":"https:\/\/alleegalerii.ee\/en\/wp-json\/wp\/v2\/media\/30038"}],"wp:attachment":[{"href":"https:\/\/alleegalerii.ee\/en\/wp-json\/wp\/v2\/media?parent=30037"}],"wp:term":[{"taxonomy":"product_brand","embeddable":true,"href":"https:\/\/alleegalerii.ee\/en\/wp-json\/wp\/v2\/product_brand?post=30037"},{"taxonomy":"product_cat","embeddable":true,"href":"https:\/\/alleegalerii.ee\/en\/wp-json\/wp\/v2\/product_cat?post=30037"},{"taxonomy":"product_tag","embeddable":true,"href":"https:\/\/alleegalerii.ee\/en\/wp-json\/wp\/v2\/product_tag?post=30037"}],"curies":[{"name":"wp","href":"https:\/\/api.w.org\/{rel}","templated":true}]}}