{"id":30020,"date":"2024-12-11T13:08:24","date_gmt":"2024-12-11T11:08:24","guid":{"rendered":"https:\/\/alleegalerii.ee\/?post_type=product&#038;p=30020"},"modified":"2025-01-28T13:11:12","modified_gmt":"2025-01-28T11:11:12","slug":"laurentsius-vaikelu-puuvilja-ja-okstega-24-6-2024","status":"publish","type":"product","link":"https:\/\/alleegalerii.ee\/en\/shop\/laurentsius-vaikelu-puuvilja-ja-okstega-24-6-2024\/","title":{"rendered":"Laurentsius &#8220;Vaikelu puuvilja ja okstega 4&#8221;, 2024"},"content":{"rendered":"","protected":false},"excerpt":{"rendered":"<p>M\u00dc\u00dcDUD.<\/p>\n<p>Akr\u00fc\u00fcl l\u00f5uendil<\/p>\n<p>119 x 119 cm. Raamitud<\/p>\n<p><span style=\"font-weight: 400;\">All \u00e4\u00e4res: LAURENTSIUS &amp; Co. 2024<br \/>\n<\/span><span style=\"font-weight: 400;\">P\u00f6\u00f6rdel: LAURENTSIUS &amp; Co. \u201cVAIKELU PUUVILJA JA OKSTEGA 4\u201d <\/span><span style=\"font-weight: 400;\">2024 AKR\u00dc\u00dcL L\u00d5UENDIL 119 x 119 cm<\/span><\/p>\n<p>Laurentsiuse (s 1969) Allee galerii n\u00e4itusel \u201cMaastik siit ja sealt\u201d eksponeeritud teosel toob kunstnik vaatajani fantaasiavilja, millele lisavad maise n\u00fcansi selle ette paigutatud minimalistlikud oksaraod ja l\u00e4bipaistvad \u00f5rnad mullid.<\/p>\n<p>N\u00e4ituse kuraator Harry Liivrand kirjutab tema fruktide sarja kuuluvast teostest, et suure kujutusliku t\u00e4psusega maalitud vilja raskus on neil lausa f\u00fc\u00fcsiliselt tunnetatav, tekib visuaalne mulje, et kohe-kohe veereb vili \u00fcle raami \u00e4\u00e4re kunstisaali. Samas lisab oks pildiruumi omakorda kergust ja kummastavust, kolmem\u00f5\u00f5tmelisust ning lisab l\u00f5petuseks: \u201cSalvador Dali irratsionaalsed ja Bottero satiirilised maalid on Laurentsiuse vaimusugulased.\u201d<\/p>\n","protected":false},"featured_media":30021,"template":"","meta":{"_acf_changed":false},"product_brand":[],"product_cat":[415,57,59,96],"product_tag":[],"class_list":{"0":"post-30020","1":"product","2":"type-product","3":"status-publish","4":"has-post-thumbnail","6":"product_cat-maal","7":"product_cat-muudud","8":"product_cat-e-pood","9":"product_cat-akruul","11":"first","12":"outofstock","13":"shipping-taxable","14":"product-type-simple"},"acf":[],"_links":{"self":[{"href":"https:\/\/alleegalerii.ee\/en\/wp-json\/wp\/v2\/product\/30020","targetHints":{"allow":["GET"]}}],"collection":[{"href":"https:\/\/alleegalerii.ee\/en\/wp-json\/wp\/v2\/product"}],"about":[{"href":"https:\/\/alleegalerii.ee\/en\/wp-json\/wp\/v2\/types\/product"}],"wp:featuredmedia":[{"embeddable":true,"href":"https:\/\/alleegalerii.ee\/en\/wp-json\/wp\/v2\/media\/30021"}],"wp:attachment":[{"href":"https:\/\/alleegalerii.ee\/en\/wp-json\/wp\/v2\/media?parent=30020"}],"wp:term":[{"taxonomy":"product_brand","embeddable":true,"href":"https:\/\/alleegalerii.ee\/en\/wp-json\/wp\/v2\/product_brand?post=30020"},{"taxonomy":"product_cat","embeddable":true,"href":"https:\/\/alleegalerii.ee\/en\/wp-json\/wp\/v2\/product_cat?post=30020"},{"taxonomy":"product_tag","embeddable":true,"href":"https:\/\/alleegalerii.ee\/en\/wp-json\/wp\/v2\/product_tag?post=30020"}],"curies":[{"name":"wp","href":"https:\/\/api.w.org\/{rel}","templated":true}]}}