{"id":29886,"date":"2024-12-05T13:19:15","date_gmt":"2024-12-05T11:19:15","guid":{"rendered":"https:\/\/alleegalerii.ee\/?post_type=product&#038;p=29886"},"modified":"2026-01-16T16:29:51","modified_gmt":"2026-01-16T14:29:51","slug":"evald-okas-ingel-kuunlaga-1989","status":"publish","type":"product","link":"https:\/\/alleegalerii.ee\/en\/shop\/evald-okas-ingel-kuunlaga-1989\/","title":{"rendered":"BRON. Evald Okas &#8220;Ingel k\u00fc\u00fcnlaga&#8221;, 1989"},"content":{"rendered":"","protected":false},"excerpt":{"rendered":"<p>Segatehnika paberil. Raamitud.<\/p>\n<p>M\u00f5\u00f5dud: ava 52,5 x 38,5 cm, raamiga 75 x 60 cm.<\/p>\n<p>All paremal: EOkas 1989<\/p>\n<p>Evald Okas l\u00f5petas Riigi K\u00f5rgema Kunstikooli maali alal 1941. aastal ning samal aastal mobiliseeriti ta Punaarmeesse ning kuulus n\u00f6. rindekunstnikuna ka Jaroslavli eesti kunstnike kollektiivi.<\/p>\n","protected":false},"featured_media":29897,"template":"","meta":{"_acf_changed":false},"product_brand":[],"product_cat":[415,62,59,93],"product_tag":[60],"class_list":{"0":"post-29886","1":"product","2":"type-product","3":"status-publish","4":"has-post-thumbnail","6":"product_cat-maal","7":"product_cat-joonistus","8":"product_cat-e-pood","9":"product_cat-segatehnika","10":"product_tag-e-pood","12":"first","13":"instock","14":"sold-individually","15":"shipping-taxable","16":"purchasable","17":"product-type-simple"},"acf":[],"_links":{"self":[{"href":"https:\/\/alleegalerii.ee\/en\/wp-json\/wp\/v2\/product\/29886","targetHints":{"allow":["GET"]}}],"collection":[{"href":"https:\/\/alleegalerii.ee\/en\/wp-json\/wp\/v2\/product"}],"about":[{"href":"https:\/\/alleegalerii.ee\/en\/wp-json\/wp\/v2\/types\/product"}],"wp:featuredmedia":[{"embeddable":true,"href":"https:\/\/alleegalerii.ee\/en\/wp-json\/wp\/v2\/media\/29897"}],"wp:attachment":[{"href":"https:\/\/alleegalerii.ee\/en\/wp-json\/wp\/v2\/media?parent=29886"}],"wp:term":[{"taxonomy":"product_brand","embeddable":true,"href":"https:\/\/alleegalerii.ee\/en\/wp-json\/wp\/v2\/product_brand?post=29886"},{"taxonomy":"product_cat","embeddable":true,"href":"https:\/\/alleegalerii.ee\/en\/wp-json\/wp\/v2\/product_cat?post=29886"},{"taxonomy":"product_tag","embeddable":true,"href":"https:\/\/alleegalerii.ee\/en\/wp-json\/wp\/v2\/product_tag?post=29886"}],"curies":[{"name":"wp","href":"https:\/\/api.w.org\/{rel}","templated":true}]}}