{"id":29816,"date":"2024-12-04T14:40:17","date_gmt":"2024-12-04T12:40:17","guid":{"rendered":"https:\/\/alleegalerii.ee\/?post_type=product&#038;p=29816"},"modified":"2024-12-05T15:34:56","modified_gmt":"2024-12-05T13:34:56","slug":"andro-koop-ohtul-valjas-2023","status":"publish","type":"product","link":"https:\/\/alleegalerii.ee\/en\/shop\/andro-koop-ohtul-valjas-2023\/","title":{"rendered":"Andro K\u00f6\u00f6p &#8220;\u00d5htul v\u00e4ljas&#8221;, 2023"},"content":{"rendered":"","protected":false},"excerpt":{"rendered":"<p class=\"p1\">\u00d5li ja akr\u00fc\u00fcl papil. Raamitud.<\/p>\n<p>M\u00f5\u00f5dud: 36 x 57 cm.<\/p>\n<p class=\"p1\">Teos on eksponeeritud Andro K\u00f6\u00f6bi isikun\u00e4itusel \u201cR\u00f5\u00f5m\u201d Allee galeriis 5.12-21.12.24<\/p>\n","protected":false},"featured_media":29846,"template":"","meta":{"_acf_changed":false},"product_brand":[],"product_cat":[415,56,59],"product_tag":[60],"class_list":{"0":"post-29816","1":"product","2":"type-product","3":"status-publish","4":"has-post-thumbnail","6":"product_cat-maal","7":"product_cat-olimaal","8":"product_cat-e-pood","9":"product_tag-e-pood","11":"first","12":"instock","13":"sold-individually","14":"shipping-taxable","15":"purchasable","16":"product-type-simple"},"acf":[],"_links":{"self":[{"href":"https:\/\/alleegalerii.ee\/en\/wp-json\/wp\/v2\/product\/29816","targetHints":{"allow":["GET"]}}],"collection":[{"href":"https:\/\/alleegalerii.ee\/en\/wp-json\/wp\/v2\/product"}],"about":[{"href":"https:\/\/alleegalerii.ee\/en\/wp-json\/wp\/v2\/types\/product"}],"wp:featuredmedia":[{"embeddable":true,"href":"https:\/\/alleegalerii.ee\/en\/wp-json\/wp\/v2\/media\/29846"}],"wp:attachment":[{"href":"https:\/\/alleegalerii.ee\/en\/wp-json\/wp\/v2\/media?parent=29816"}],"wp:term":[{"taxonomy":"product_brand","embeddable":true,"href":"https:\/\/alleegalerii.ee\/en\/wp-json\/wp\/v2\/product_brand?post=29816"},{"taxonomy":"product_cat","embeddable":true,"href":"https:\/\/alleegalerii.ee\/en\/wp-json\/wp\/v2\/product_cat?post=29816"},{"taxonomy":"product_tag","embeddable":true,"href":"https:\/\/alleegalerii.ee\/en\/wp-json\/wp\/v2\/product_tag?post=29816"}],"curies":[{"name":"wp","href":"https:\/\/api.w.org\/{rel}","templated":true}]}}