{"id":29814,"date":"2024-12-04T14:36:58","date_gmt":"2024-12-04T12:36:58","guid":{"rendered":"https:\/\/alleegalerii.ee\/?post_type=product&#038;p=29814"},"modified":"2025-01-07T14:01:57","modified_gmt":"2025-01-07T12:01:57","slug":"andro-koop-varahommik-rannal-2014","status":"publish","type":"product","link":"https:\/\/alleegalerii.ee\/en\/shop\/andro-koop-varahommik-rannal-2014\/","title":{"rendered":"Andro K\u00f6\u00f6p &#8220;Varahommik rannal&#8221;, 2014"},"content":{"rendered":"","protected":false},"excerpt":{"rendered":"<p class=\"p1\">M\u00dc\u00dcDUD.<\/p>\n<p class=\"p1\">\u00d5li froteel. Raamitud.<\/p>\n<p>M\u00f5\u00f5dud: 60,5 x 47,5 cm.<\/p>\n<p><span style=\"font-weight: 400;\">Andro K\u00f6\u00f6p tegeleb oma loomingus loodusliku ja tehisliku maastikukeskkonna omavaheliste suhete interpreteerimisega. Allee galeriis 5.-21. detsembrini 2024 avatud n\u00e4itusel \u201cR\u00f5\u00f5m\u201d esitleb ta rohelist m\u00f5tteviisi toetava kunstnikuna olulist osa oma loomeprotsessist, mille alla kuulub ka teos \u201cVarahommik rannal\u201d.<\/span><\/p>\n<p><span style=\"font-weight: 400;\">Kunstnik kirjutab: \u201cMaalides j\u00e4\u00e4b v\u00e4ga tihti valmissegatud v\u00e4rvi \u00fcle, kas paras t\u00f6rts paletile v\u00f5i j\u00e4\u00e4b pintsel ise paksult v\u00e4rvi t\u00e4is. Pintsli puhastadki maalilapi sisse \u00e4ra enne, kui lahustiga puhtaks pesed. Valitud v\u00e4rvitoonid meeldivad mulle v\u00e4ga ja kuidagi vale tundub paletile j\u00e4\u00e4nud v\u00e4rvij\u00e4\u00e4k \u00e4ra visata, sest tuli ju v\u00e4lja nii \u00f5ige ja ilus toon. P\u00fchingi paletile \u00fclej\u00e4\u00e4nud v\u00e4rvi pintsliga vabale t\u00fchjale l\u00f5uendi j\u00e4\u00e4gile. Ma juba tean, et l\u00f5puks tuleb sealt midagi head. Sellega on nagu toidu tegemisega \u2013 kui sul on \u00f5iged komponendid ja a tunned valmistamise tehnoloogiaid ning sul on ideed, tunded ja v\u00e4ltimatult vajalik kompositsiooni tunnetus, siis sellest k\u00f5igest lihtsalt peab midagi vahvat v\u00e4lja tulema. Eriti kui teed seda respekti ja armastusega.\u201d<\/span><\/p>\n","protected":false},"featured_media":29925,"template":"","meta":{"_acf_changed":false},"product_brand":[],"product_cat":[415,56,57,59],"product_tag":[60],"class_list":{"0":"post-29814","1":"product","2":"type-product","3":"status-publish","4":"has-post-thumbnail","6":"product_cat-maal","7":"product_cat-olimaal","8":"product_cat-muudud","9":"product_cat-e-pood","10":"product_tag-e-pood","12":"first","13":"outofstock","14":"sold-individually","15":"shipping-taxable","16":"purchasable","17":"product-type-simple"},"acf":[],"_links":{"self":[{"href":"https:\/\/alleegalerii.ee\/en\/wp-json\/wp\/v2\/product\/29814","targetHints":{"allow":["GET"]}}],"collection":[{"href":"https:\/\/alleegalerii.ee\/en\/wp-json\/wp\/v2\/product"}],"about":[{"href":"https:\/\/alleegalerii.ee\/en\/wp-json\/wp\/v2\/types\/product"}],"wp:featuredmedia":[{"embeddable":true,"href":"https:\/\/alleegalerii.ee\/en\/wp-json\/wp\/v2\/media\/29925"}],"wp:attachment":[{"href":"https:\/\/alleegalerii.ee\/en\/wp-json\/wp\/v2\/media?parent=29814"}],"wp:term":[{"taxonomy":"product_brand","embeddable":true,"href":"https:\/\/alleegalerii.ee\/en\/wp-json\/wp\/v2\/product_brand?post=29814"},{"taxonomy":"product_cat","embeddable":true,"href":"https:\/\/alleegalerii.ee\/en\/wp-json\/wp\/v2\/product_cat?post=29814"},{"taxonomy":"product_tag","embeddable":true,"href":"https:\/\/alleegalerii.ee\/en\/wp-json\/wp\/v2\/product_tag?post=29814"}],"curies":[{"name":"wp","href":"https:\/\/api.w.org\/{rel}","templated":true}]}}