{"id":29809,"date":"2024-12-04T14:29:30","date_gmt":"2024-12-04T12:29:30","guid":{"rendered":"https:\/\/alleegalerii.ee\/?post_type=product&#038;p=29809"},"modified":"2024-12-14T14:24:55","modified_gmt":"2024-12-14T12:24:55","slug":"andro-koop-varske-tuul-ootsutab-aias-lilli-2024","status":"publish","type":"product","link":"https:\/\/alleegalerii.ee\/en\/shop\/andro-koop-varske-tuul-ootsutab-aias-lilli-2024\/","title":{"rendered":"Andro K\u00f6\u00f6p &#8220;V\u00e4rske tuul \u00f5\u00f5tsutab aias lilli&#8221;, 2024"},"content":{"rendered":"","protected":false},"excerpt":{"rendered":"<p class=\"p1\">M\u00dc\u00dcDUD.<\/p>\n<p class=\"p1\">\u00d5li Belgia linasel l\u00f5uendil. Raamitud.<\/p>\n<p>M\u00f5\u00f5dud: 60 x 60 cm.<\/p>\n<p>Andro K\u00f6\u00f6p (s 1967) tegeleb oma loomingus loodusliku ja tehisliku maastikukeskkonna omavaheliste suhete interpreteerimisega. Teos &#8220;V\u00e4rske tuul \u00f5\u00f5tsutab aias lilli&#8221; kannab endas metaf\u00fc\u00fcsilise maaliruumi p\u00f5rkumist realistliku motiiviga. Vabade, spontaansete pintslit\u00f5mmetega maalitud, aeda kujutaval teosel kohtuvad looduse vaimustav v\u00e4rvigamma ning kunstniku meisterlik kompositsioonitaju.<\/p>\n<p>Teos oli eksponeeritud Allee galeriis 2024. aastal toimunud Andro K\u00f6\u00f6bi isikun\u00e4itusel &#8220;R\u00f5\u00f5m&#8221;.<\/p>\n<p>&nbsp;<\/p>\n","protected":false},"featured_media":29834,"template":"","meta":{"_acf_changed":false},"product_brand":[],"product_cat":[415,56,57,59],"product_tag":[60],"class_list":{"0":"post-29809","1":"product","2":"type-product","3":"status-publish","4":"has-post-thumbnail","6":"product_cat-maal","7":"product_cat-olimaal","8":"product_cat-muudud","9":"product_cat-e-pood","10":"product_tag-e-pood","12":"first","13":"outofstock","14":"sold-individually","15":"shipping-taxable","16":"product-type-simple"},"acf":[],"_links":{"self":[{"href":"https:\/\/alleegalerii.ee\/en\/wp-json\/wp\/v2\/product\/29809","targetHints":{"allow":["GET"]}}],"collection":[{"href":"https:\/\/alleegalerii.ee\/en\/wp-json\/wp\/v2\/product"}],"about":[{"href":"https:\/\/alleegalerii.ee\/en\/wp-json\/wp\/v2\/types\/product"}],"wp:featuredmedia":[{"embeddable":true,"href":"https:\/\/alleegalerii.ee\/en\/wp-json\/wp\/v2\/media\/29834"}],"wp:attachment":[{"href":"https:\/\/alleegalerii.ee\/en\/wp-json\/wp\/v2\/media?parent=29809"}],"wp:term":[{"taxonomy":"product_brand","embeddable":true,"href":"https:\/\/alleegalerii.ee\/en\/wp-json\/wp\/v2\/product_brand?post=29809"},{"taxonomy":"product_cat","embeddable":true,"href":"https:\/\/alleegalerii.ee\/en\/wp-json\/wp\/v2\/product_cat?post=29809"},{"taxonomy":"product_tag","embeddable":true,"href":"https:\/\/alleegalerii.ee\/en\/wp-json\/wp\/v2\/product_tag?post=29809"}],"curies":[{"name":"wp","href":"https:\/\/api.w.org\/{rel}","templated":true}]}}