{"id":29796,"date":"2024-12-12T16:47:15","date_gmt":"2024-12-12T14:47:15","guid":{"rendered":"https:\/\/alleegalerii.ee\/?post_type=product&#038;p=29796"},"modified":"2025-01-23T14:08:07","modified_gmt":"2025-01-23T12:08:07","slug":"valdur-ohakas-roheline-maastik-1980","status":"publish","type":"product","link":"https:\/\/alleegalerii.ee\/en\/shop\/valdur-ohakas-roheline-maastik-1980\/","title":{"rendered":"Valdur Ohakas &#8220;Roheline maastik&#8221;, 1980"},"content":{"rendered":"","protected":false},"excerpt":{"rendered":"<p>M\u00dc\u00dcDUD.<\/p>\n<p>\u00d5li l\u00f5uendil. Raamitud.<\/p>\n<p>M\u00f5\u00f5dud: 50 x 70 cm, raamiga 65 x 85 cm.<\/p>\n<p>All paremal: V. OHAKAS 80<\/p>\n<p><span style=\"font-weight: 400;\">Valdur Ohaka (1925-1998) kunsti\u00f5pingud said alguse Tallinna Kujutava ja Rakenduskunsti koolis. Hiljem Tartu Riiklikusse Kunstiinstituuti astunud mehel j\u00e4i viimane l\u00f5pusirgel kahjuks siiski l\u00f5petamata 1949. aastal toimunud arreteerimise t\u00f5ttu, kus ta koos teiste kunstitudengitega 7 aastaks vangilaagrisse viidi. Sellest hoolimata olid tema Tallinna \u00f5petajad Eerik Haamer ja Johannes Greenberg ning Tartu \u00f5petajad Johannes V\u00f5erahansu ja Elmar Kits talle nii tugeva p\u00f5hja andnud, et Ohakast sai m\u00e4rkimisv\u00e4\u00e4rne kunstnik meie kultuuriloos.<\/span><\/p>\n<p><span style=\"font-weight: 400;\">K\u00e4esolev maastik kujutab suure t\u00f5en\u00e4osusega tema K\u00fctioru maakodu l\u00e4histel asuvat vaadet, ent kunstnik \u00fcllatab siin v\u00e4rske rohelise koloriidiga luues harmoonilise kauni teose.<\/span><\/p>\n","protected":false},"featured_media":29798,"template":"","meta":{"_acf_changed":false},"product_brand":[],"product_cat":[415,56,57,59],"product_tag":[60],"class_list":{"0":"post-29796","1":"product","2":"type-product","3":"status-publish","4":"has-post-thumbnail","6":"product_cat-maal","7":"product_cat-olimaal","8":"product_cat-muudud","9":"product_cat-e-pood","10":"product_tag-e-pood","12":"first","13":"outofstock","14":"sold-individually","15":"shipping-taxable","16":"product-type-simple"},"acf":[],"_links":{"self":[{"href":"https:\/\/alleegalerii.ee\/en\/wp-json\/wp\/v2\/product\/29796","targetHints":{"allow":["GET"]}}],"collection":[{"href":"https:\/\/alleegalerii.ee\/en\/wp-json\/wp\/v2\/product"}],"about":[{"href":"https:\/\/alleegalerii.ee\/en\/wp-json\/wp\/v2\/types\/product"}],"wp:featuredmedia":[{"embeddable":true,"href":"https:\/\/alleegalerii.ee\/en\/wp-json\/wp\/v2\/media\/29798"}],"wp:attachment":[{"href":"https:\/\/alleegalerii.ee\/en\/wp-json\/wp\/v2\/media?parent=29796"}],"wp:term":[{"taxonomy":"product_brand","embeddable":true,"href":"https:\/\/alleegalerii.ee\/en\/wp-json\/wp\/v2\/product_brand?post=29796"},{"taxonomy":"product_cat","embeddable":true,"href":"https:\/\/alleegalerii.ee\/en\/wp-json\/wp\/v2\/product_cat?post=29796"},{"taxonomy":"product_tag","embeddable":true,"href":"https:\/\/alleegalerii.ee\/en\/wp-json\/wp\/v2\/product_tag?post=29796"}],"curies":[{"name":"wp","href":"https:\/\/api.w.org\/{rel}","templated":true}]}}