{"id":29704,"date":"2024-11-16T13:23:10","date_gmt":"2024-11-16T11:23:10","guid":{"rendered":"https:\/\/alleegalerii.ee\/?post_type=product&#038;p=29704"},"modified":"2025-12-19T14:34:55","modified_gmt":"2025-12-19T12:34:55","slug":"tiit-markin-rannamaastik-1993","status":"publish","type":"product","link":"https:\/\/alleegalerii.ee\/en\/shop\/tiit-markin-rannamaastik-1993\/","title":{"rendered":"Tiit Markin &#8220;Rannamaastik&#8221;, 1993"},"content":{"rendered":"","protected":false},"excerpt":{"rendered":"<p>M\u00dc\u00dcDUD.<\/p>\n<p>\u00d5li l\u00f5uendil. Raamitud.<\/p>\n<p>M\u00f5\u00f5dud: 49 x 94 cm, raamiga 57,5 x 102,5 cm.<\/p>\n<p>All paremal: T Markin 93<\/p>\n<p>&nbsp;<\/p>\n<p><span style=\"font-weight: 400;\">August Janseni k\u00e4e all maalima \u00f5ppinud Tiit Markinist kujunes p\u00f5hjarannikul asuva rannak\u00fcla Eisma armastatumaid kunsti\u00f5petajaid. Selle kandi tuntuima kunstniku, Richard Uutmaa eeskujul paelusid tedagi enim just meri ja loodus laiemalt.<\/span><\/p>\n","protected":false},"featured_media":29722,"template":"","meta":{"_acf_changed":false},"product_brand":[],"product_cat":[415,56,57,59],"product_tag":[60],"class_list":{"0":"post-29704","1":"product","2":"type-product","3":"status-publish","4":"has-post-thumbnail","6":"product_cat-maal","7":"product_cat-olimaal","8":"product_cat-muudud","9":"product_cat-e-pood","10":"product_tag-e-pood","12":"first","13":"outofstock","14":"sold-individually","15":"shipping-taxable","16":"purchasable","17":"product-type-simple"},"acf":[],"_links":{"self":[{"href":"https:\/\/alleegalerii.ee\/en\/wp-json\/wp\/v2\/product\/29704","targetHints":{"allow":["GET"]}}],"collection":[{"href":"https:\/\/alleegalerii.ee\/en\/wp-json\/wp\/v2\/product"}],"about":[{"href":"https:\/\/alleegalerii.ee\/en\/wp-json\/wp\/v2\/types\/product"}],"wp:featuredmedia":[{"embeddable":true,"href":"https:\/\/alleegalerii.ee\/en\/wp-json\/wp\/v2\/media\/29722"}],"wp:attachment":[{"href":"https:\/\/alleegalerii.ee\/en\/wp-json\/wp\/v2\/media?parent=29704"}],"wp:term":[{"taxonomy":"product_brand","embeddable":true,"href":"https:\/\/alleegalerii.ee\/en\/wp-json\/wp\/v2\/product_brand?post=29704"},{"taxonomy":"product_cat","embeddable":true,"href":"https:\/\/alleegalerii.ee\/en\/wp-json\/wp\/v2\/product_cat?post=29704"},{"taxonomy":"product_tag","embeddable":true,"href":"https:\/\/alleegalerii.ee\/en\/wp-json\/wp\/v2\/product_tag?post=29704"}],"curies":[{"name":"wp","href":"https:\/\/api.w.org\/{rel}","templated":true}]}}